{"id":21745,"date":"2025-06-20T11:16:20","date_gmt":"2025-06-20T11:16:20","guid":{"rendered":"https:\/\/shinetrailers.com\/producent-przyczep-air-stream-historia-designu\/"},"modified":"2026-03-18T15:17:52","modified_gmt":"2026-03-18T15:17:52","slug":"moderni-interpretace-klasickeho-designu-privesu-airstream","status":"publish","type":"page","link":"https:\/\/shinetrailers.com\/cs\/moderni-interpretace-klasickeho-designu-privesu-airstream\/","title":{"rendered":"Modern\u00ed interpretace designu p\u0159\u00edv\u011bs\u016f Airstream | SHINE"},"content":{"rendered":"","protected":false},"excerpt":{"rendered":"","protected":false},"author":4,"featured_media":0,"parent":0,"menu_order":0,"comment_status":"closed","ping_status":"closed","template":"template-dlaczego-warto.blade.php","meta":{"footnotes":""},"class_list":["post-21745","page","type-page","status-publish","hentry"],"acf":[],"_links":{"self":[{"href":"https:\/\/shinetrailers.com\/cs\/wp-json\/wp\/v2\/pages\/21745","targetHints":{"allow":["GET"]}}],"collection":[{"href":"https:\/\/shinetrailers.com\/cs\/wp-json\/wp\/v2\/pages"}],"about":[{"href":"https:\/\/shinetrailers.com\/cs\/wp-json\/wp\/v2\/types\/page"}],"author":[{"embeddable":true,"href":"https:\/\/shinetrailers.com\/cs\/wp-json\/wp\/v2\/users\/4"}],"replies":[{"embeddable":true,"href":"https:\/\/shinetrailers.com\/cs\/wp-json\/wp\/v2\/comments?post=21745"}],"version-history":[{"count":7,"href":"https:\/\/shinetrailers.com\/cs\/wp-json\/wp\/v2\/pages\/21745\/revisions"}],"predecessor-version":[{"id":21879,"href":"https:\/\/shinetrailers.com\/cs\/wp-json\/wp\/v2\/pages\/21745\/revisions\/21879"}],"wp:attachment":[{"href":"https:\/\/shinetrailers.com\/cs\/wp-json\/wp\/v2\/media?parent=21745"}],"curies":[{"name":"wp","href":"https:\/\/api.w.org\/{rel}","templated":true}]}}