{"id":21906,"date":"2026-03-23T09:59:47","date_gmt":"2026-03-23T09:59:47","guid":{"rendered":"https:\/\/shinetrailers.com\/przyczepy-uslugowe-shine-mobilny-biznes-premium\/"},"modified":"2026-03-23T11:26:05","modified_gmt":"2026-03-23T11:26:05","slug":"exkluzivni-servisni-privesy-shine-mobilni-byznys-premium","status":"publish","type":"page","link":"https:\/\/shinetrailers.com\/cs\/exkluzivni-servisni-privesy-shine-mobilni-byznys-premium\/","title":{"rendered":"Exkluzivn\u00ed servisn\u00ed p\u0159\u00edv\u011bsy SHINE | Mobiln\u00ed byznys Premium"},"content":{"rendered":"","protected":false},"excerpt":{"rendered":"","protected":false},"author":4,"featured_media":0,"parent":0,"menu_order":0,"comment_status":"closed","ping_status":"closed","template":"template-dlaczego-warto.blade.php","meta":{"footnotes":""},"class_list":["post-21906","page","type-page","status-publish","hentry"],"acf":[],"_links":{"self":[{"href":"https:\/\/shinetrailers.com\/cs\/wp-json\/wp\/v2\/pages\/21906","targetHints":{"allow":["GET"]}}],"collection":[{"href":"https:\/\/shinetrailers.com\/cs\/wp-json\/wp\/v2\/pages"}],"about":[{"href":"https:\/\/shinetrailers.com\/cs\/wp-json\/wp\/v2\/types\/page"}],"author":[{"embeddable":true,"href":"https:\/\/shinetrailers.com\/cs\/wp-json\/wp\/v2\/users\/4"}],"replies":[{"embeddable":true,"href":"https:\/\/shinetrailers.com\/cs\/wp-json\/wp\/v2\/comments?post=21906"}],"version-history":[{"count":3,"href":"https:\/\/shinetrailers.com\/cs\/wp-json\/wp\/v2\/pages\/21906\/revisions"}],"predecessor-version":[{"id":21930,"href":"https:\/\/shinetrailers.com\/cs\/wp-json\/wp\/v2\/pages\/21906\/revisions\/21930"}],"wp:attachment":[{"href":"https:\/\/shinetrailers.com\/cs\/wp-json\/wp\/v2\/media?parent=21906"}],"curies":[{"name":"wp","href":"https:\/\/api.w.org\/{rel}","templated":true}]}}