{"id":3497,"date":"2023-07-26T11:36:29","date_gmt":"2023-07-26T11:36:29","guid":{"rendered":"https:\/\/shinetrailers.com\/zasady-ochrany-osobnich-udaju\/"},"modified":"2023-08-17T12:30:33","modified_gmt":"2023-08-17T12:30:33","slug":"zasady-ochrany-osobnich-udaju","status":"publish","type":"page","link":"https:\/\/shinetrailers.com\/cs\/zasady-ochrany-osobnich-udaju\/","title":{"rendered":"Z\u00e1sady ochrany osobn\u00edch \u00fadaj\u016f"},"content":{"rendered":"<p><span><\/span><\/p>\n<p>1. Webov\u00e1 str\u00e1nka, na kter\u00e9 se nach\u00e1z\u00edte, z\u00edsk\u00e1v\u00e1 informace automaticky pouze pomoc\u00ed cookies. <\/p>\n<p>2. Cookies jsou mal\u00e9 soubory, obvykle textov\u00e9, zas\u00edlan\u00e9 webov\u00fdm serverem a ulo\u017een\u00e9 na stran\u011b U\u017eivatele, obvykle na pevn\u00e9m disku za\u0159\u00edzen\u00ed, se kter\u00fdm U\u017eivatel nav\u0161t\u011bvuje webovou str\u00e1nku. Cookies se pou\u017e\u00edvaj\u00ed hlavn\u011b k udr\u017een\u00ed relace, nap\u0159. vytvo\u0159en\u00edm a odesl\u00e1n\u00edm do\u010dasn\u00e9ho \u0159et\u011bzce znak\u016f po p\u0159ihl\u00e1\u0161en\u00ed. Lze je v\u0161ak pou\u017e\u00edt v \u0161ir\u0161\u00edm rozsahu zapamatov\u00e1n\u00edm jak\u00fdchkoli informac\u00ed, pokud je lze ulo\u017eit do \u0159et\u011bzce znak\u016f. <\/p>\n<p>3. Subjektem, kter\u00fd um\u00eds\u0165uje soubory cookie na koncov\u00e9 za\u0159\u00edzen\u00ed u\u017eivatele nav\u0161t\u011bvuj\u00edc\u00edho web a m\u00e1 k nim p\u0159\u00edstup, je provozovatel webu: <strong>IRON TRADING COMPANY, Magnoliowa 11b 73-110 Stargard Polska<\/strong> <\/p>\n<p>4. Soubory cookie um\u00edst\u011bn\u00e9 na webu se pou\u017e\u00edvaj\u00ed k: <\/p>\n<p>a) zapamatovat si n\u00e1v\u0161t\u011bvy u\u017eivatele a jeho preference t\u00fdkaj\u00edc\u00ed se webu, nap\u0159. preferovan\u00fd jazyk webu. Tyto soubory tak\u00e9 umo\u017e\u0148uj\u00ed rozpoznat za\u0159\u00edzen\u00ed pou\u017e\u00edvan\u00e9 U\u017eivatelem nav\u0161t\u011bvuj\u00edc\u00edm Web, co\u017e umo\u017e\u0148uje jeho spr\u00e1vn\u00e9 zobrazen\u00ed. <\/p>\n<p>b) z\u00edsk\u00e1v\u00e1n\u00ed statistik umo\u017e\u0148uj\u00edc\u00edch zn\u00e1t preference U\u017eivatel\u016f nav\u0161t\u011bvuj\u00edc\u00edch Webov\u00e9 str\u00e1nky, d\u00e1le umo\u017e\u0148uj\u00ed posoudit obl\u00edbenost Webu. <\/p>\n<p>c) p\u0159ihl\u00e1\u0161en\u00ed pomoc\u00ed Webu a udr\u017eov\u00e1n\u00ed relace po p\u0159ihl\u00e1\u0161en\u00ed, d\u00edky jejich pou\u017e\u00edv\u00e1n\u00ed se U\u017eivatel nemus\u00ed p\u0159ihla\u0161ovat na ka\u017ed\u00e9 podstr\u00e1nce Webu. <\/p>\n<p>5. Webov\u00e9 str\u00e1nky, na kter\u00fdch se nach\u00e1z\u00edte, pou\u017e\u00edvaj\u00ed dva typy soubor\u016f cookie, rela\u010dn\u00ed a trval\u00e9. \u2013 soubory relace jsou do\u010dasn\u00e9, existuj\u00ed, dokud u\u017eivatel neopust\u00ed web zav\u0159en\u00edm prohl\u00ed\u017ee\u010de, opu\u0161t\u011bn\u00edm webu nebo odhl\u00e1\u0161en\u00edm. \u2013 trval\u00e9 soubory existuj\u00ed, dokud nejsou smaz\u00e1ny u\u017eivatelem webov\u00e9 str\u00e1nky nebo po dobu stanovenou v parametrech souboru cookie. <\/p>\n<p>6. Software pou\u017e\u00edvan\u00fd k proch\u00e1zen\u00ed webov\u00fdch str\u00e1nek (webov\u00fd prohl\u00ed\u017ee\u010d) ve v\u011bt\u0161in\u011b p\u0159\u00edpad\u016f umo\u017e\u0148uje ve v\u00fdchoz\u00edm nastaven\u00ed ukl\u00e1d\u00e1n\u00ed cookies na za\u0159\u00edzen\u00ed U\u017eivatele. U\u017eivatel webov\u00fdch str\u00e1nek m\u016f\u017ee kdykoli zm\u011bnit nastaven\u00ed webov\u00e9ho prohl\u00ed\u017ee\u010de tak, aby zablokoval pou\u017e\u00edv\u00e1n\u00ed cookies. Takovou zm\u011bnu lze prov\u00e9st v nastaven\u00ed softwaru pou\u017e\u00edvan\u00e9ho k prohl\u00ed\u017een\u00ed Webov\u00fdch str\u00e1nek (webov\u00e9ho prohl\u00ed\u017ee\u010de). Podrobn\u00e9 informace o nastaven\u00ed webov\u00e9ho prohl\u00ed\u017ee\u010de jsou k dispozici v jeho nab\u00eddce v z\u00e1lo\u017ece n\u00e1pov\u011bdy nebo na str\u00e1nk\u00e1ch v\u00fdrobce webov\u00e9ho prohl\u00ed\u017ee\u010de, kter\u00fdm U\u017eivatel Webov\u00e9 str\u00e1nky prohl\u00ed\u017e\u00ed. Zm\u011bny proveden\u00e9 v nastaven\u00ed ve webov\u00e9m prohl\u00ed\u017ee\u010di U\u017eivatele mohou ovlivnit spr\u00e1vn\u00fd chod zobrazovan\u00e9 webov\u00e9 str\u00e1nky. <\/p>\n<p>7. Cookies pou\u017e\u00edvan\u00e9 Webem (ulo\u017een\u00e9 na za\u0159\u00edzen\u00ed pou\u017e\u00edvan\u00e9m U\u017eivatelem p\u0159i proch\u00e1zen\u00ed Webu) mohou b\u00fdt zp\u0159\u00edstupn\u011bny jeho partner\u016fm nebo inzerent\u016fm.<\/p>\n","protected":false},"excerpt":{"rendered":"<p>1. Webov\u00e1 str\u00e1nka, na kter\u00e9 se nach\u00e1z\u00edte, z\u00edsk\u00e1v\u00e1 informace automaticky pouze pomoc\u00ed cookies. 2. Cookies jsou mal\u00e9 soubory, obvykle textov\u00e9, zas\u00edlan\u00e9 webov\u00fdm serverem a ulo\u017een\u00e9 na stran\u011b U\u017eivatele, obvykle na pevn\u00e9m disku za\u0159\u00edzen\u00ed, se kter\u00fdm U\u017eivatel nav\u0161t\u011bvuje webovou str\u00e1nku. Cookies se pou\u017e\u00edvaj\u00ed hlavn\u011b k udr\u017een\u00ed relace, nap\u0159. vytvo\u0159en\u00edm a odesl\u00e1n\u00edm do\u010dasn\u00e9ho \u0159et\u011bzce znak\u016f po p\u0159ihl\u00e1\u0161en\u00ed. &hellip; <a href=\"https:\/\/shinetrailers.com\/cs\/zasady-ochrany-osobnich-udaju\/\">Continued<\/a><\/p>\n","protected":false},"author":1,"featured_media":0,"parent":0,"menu_order":0,"comment_status":"closed","ping_status":"closed","template":"template-privacy-policy.blade.php","meta":{"footnotes":""},"class_list":["post-3497","page","type-page","status-publish","hentry"],"acf":[],"_links":{"self":[{"href":"https:\/\/shinetrailers.com\/cs\/wp-json\/wp\/v2\/pages\/3497","targetHints":{"allow":["GET"]}}],"collection":[{"href":"https:\/\/shinetrailers.com\/cs\/wp-json\/wp\/v2\/pages"}],"about":[{"href":"https:\/\/shinetrailers.com\/cs\/wp-json\/wp\/v2\/types\/page"}],"author":[{"embeddable":true,"href":"https:\/\/shinetrailers.com\/cs\/wp-json\/wp\/v2\/users\/1"}],"replies":[{"embeddable":true,"href":"https:\/\/shinetrailers.com\/cs\/wp-json\/wp\/v2\/comments?post=3497"}],"version-history":[{"count":1,"href":"https:\/\/shinetrailers.com\/cs\/wp-json\/wp\/v2\/pages\/3497\/revisions"}],"predecessor-version":[{"id":5105,"href":"https:\/\/shinetrailers.com\/cs\/wp-json\/wp\/v2\/pages\/3497\/revisions\/5105"}],"wp:attachment":[{"href":"https:\/\/shinetrailers.com\/cs\/wp-json\/wp\/v2\/media?parent=3497"}],"curies":[{"name":"wp","href":"https:\/\/api.w.org\/{rel}","templated":true}]}}