{"id":3521,"date":"2023-06-02T06:46:19","date_gmt":"2023-06-02T06:46:19","guid":{"rendered":"https:\/\/shinetrailers.com\/kontakt\/"},"modified":"2023-12-21T14:59:43","modified_gmt":"2023-12-21T14:59:43","slug":"kontakt","status":"publish","type":"page","link":"https:\/\/shinetrailers.com\/cs\/kontakt\/","title":{"rendered":"Kontakt"},"content":{"rendered":"\n<div class=\"wpcf7 no-js\" id=\"wpcf7-f9520-o1\" lang=\"cs-CZ\" dir=\"ltr\" data-wpcf7-id=\"9520\">\n<div class=\"screen-reader-response\"><p role=\"status\" aria-live=\"polite\" aria-atomic=\"true\"><\/p> <ul><\/ul><\/div>\n<form action=\"\/cs\/wp-json\/wp\/v2\/pages\/3521#wpcf7-f9520-o1\" method=\"post\" class=\"wpcf7-form init\" aria-label=\"Kontaktn\u00ed formul\u00e1\u0159\" novalidate=\"novalidate\" data-status=\"init\">\n<fieldset class=\"hidden-fields-container\"><input type=\"hidden\" name=\"_wpcf7\" value=\"9520\" \/><input type=\"hidden\" name=\"_wpcf7_version\" value=\"6.1.5\" \/><input type=\"hidden\" name=\"_wpcf7_locale\" value=\"cs_CZ\" \/><input type=\"hidden\" name=\"_wpcf7_unit_tag\" value=\"wpcf7-f9520-o1\" \/><input type=\"hidden\" name=\"_wpcf7_container_post\" value=\"0\" \/><input type=\"hidden\" name=\"_wpcf7_posted_data_hash\" value=\"\" \/>\n<\/fieldset>\n<div class=\"c-form\">\n  <p class=\"c-form__title\">Ode\u0161lete popt\u00e1vku<\/p>\n  <div class=\"c-form__desc\">\n    <p>Pro podrobn\u00e9 informace a cenu verz\u00ed s dopl\u0148kov\u00fdm vybaven\u00edm n\u00e1s pros\u00edm kontaktujte prost\u0159ednictv\u00edm formul\u00e1\u0159e n\u00ed\u017ee.<\/p>\n    <br><p>PDF dokument s va\u0161\u00ed konfigurac\u00ed bude automaticky p\u0159ilo\u017een k zpr\u00e1v\u011b.<\/p>\n  <\/div>\n  <p class=\"c-form__heading\">Kontaktn\u00ed \u00fadaje<\/p>\n  <div class=\"c-form__row\">\n    <div class=\"c-form__item\">\n      <label for=\"name\">\n        <span class=\"wpcf7-form-control-wrap\" data-name=\"your-name\"><input size=\"40\" maxlength=\"400\" class=\"wpcf7-form-control wpcf7-text wpcf7-validates-as-required c-form__input\" id=\"name\" aria-required=\"true\" aria-invalid=\"false\" placeholder=\"p\" value=\"\" type=\"text\" name=\"your-name\" \/><\/span>\n        <span class=\"c-form__label\">Jm\u00e9no*<\/span>\n      <\/label>\n    <\/div>\n    <div class=\"c-form__item\">\n      <label for=\"email\">\n        <span class=\"wpcf7-form-control-wrap\" data-name=\"your-email\"><input size=\"40\" maxlength=\"400\" class=\"wpcf7-form-control wpcf7-email wpcf7-validates-as-required wpcf7-text wpcf7-validates-as-email c-form__input\" id=\"email\" aria-required=\"true\" aria-invalid=\"false\" placeholder=\"p\" value=\"\" type=\"email\" name=\"your-email\" \/><\/span>\n        <span class=\"c-form__label\">E-mailov\u00e1 adresa*<\/span>\n      <\/label>\n    <\/div>\n  <\/div>\n\n  <div class=\"c-form__row\">\n    <div class=\"c-form__item\">\n      <label for=\"country\">\n        <span class=\"wpcf7-form-control-wrap\" data-name=\"your-country\"><input size=\"40\" maxlength=\"400\" class=\"wpcf7-form-control wpcf7-text c-form__input\" id=\"country\" aria-invalid=\"false\" placeholder=\"p\" value=\"\" type=\"text\" name=\"your-country\" \/><\/span>\n        <span class=\"c-form__label\">Zem\u011b<\/span>\n      <\/label>\n    <\/div>\n    <div class=\"c-form__item\">\n      <label for=\"city\">\n        <span class=\"wpcf7-form-control-wrap\" data-name=\"your-city\"><input size=\"40\" maxlength=\"400\" class=\"wpcf7-form-control wpcf7-text c-form__input\" id=\"city\" aria-invalid=\"false\" placeholder=\"p\" value=\"\" type=\"text\" name=\"your-city\" \/><\/span>\n        <span class=\"c-form__label\">M\u011bsto<\/span>\n      <\/label>\n    <\/div>\n  <\/div>\n\n  <p class=\"c-form__heading\">Obsah zpr\u00e1vy<\/p>\n  <div class=\"c-form__row\">\n    <div class=\"c-form__item\" style=\"grid-column: 1\/-1;\">\n      <label for=\"message\">\n        <span class=\"wpcf7-form-control-wrap\" data-name=\"message\"><textarea cols=\"40\" rows=\"10\" maxlength=\"2000\" class=\"wpcf7-form-control wpcf7-textarea c-form__input\" id=\"message\" aria-invalid=\"false\" name=\"message\"><\/textarea><\/span>\n        <!-- <span class=\"c-form__label\">Obsah zpr\u00e1vy*<\/span> -->\n      <\/label>\n    <\/div>\n  <\/div>\n<span class=\"t-typo-p4\" style=\"color: #ECB11B\">* Povinn\u00e9 pole<\/span>\n  <span class=\"wpcf7-form-control-wrap\" data-name=\"rodo\"><span class=\"wpcf7-form-control wpcf7-acceptance\"><span class=\"wpcf7-list-item\"><label><input type=\"checkbox\" name=\"rodo\" value=\"1\" aria-invalid=\"false\" \/><span class=\"wpcf7-list-item-label\">Prohla\u0161uji, \u017ee jsem se sezn\u00e1mil\/a s <a href=\"\/polityka-prywatnosci\/\">Z\u00e1sadami ochrany osobn\u00edch \u00fadaj\u016f a Informa\u010dn\u00ed dolo\u017ekou GDPR<\/a> <span style=\"color: #ECB11B;\">*<\/span><\/span><\/label><\/span><\/span><\/span>\n<div class=\"c-form__desc\" style=\"margin-top: 8px;\">V souladu s \u010dl\u00e1nkem 66 odst. 1 ob\u010dansk\u00e9ho z\u00e1kon\u00edku tyto informace nep\u0159edstavuj\u00ed nab\u00eddku ve smyslu pr\u00e1vn\u00edch p\u0159edpis\u016f a slou\u017e\u00ed pouze k informativn\u00edm \u00fa\u010del\u016fm.<\/div>\n<input class=\"wpcf7-form-control wpcf7-submit has-spinner\" type=\"submit\" value=\"Odeslat popt\u00e1vku\" \/>\n<\/div>\n<span style=\"display: none;\"><span class=\"wpcf7-form-control-wrap\" data-name=\"url\"><textarea cols=\"40\" rows=\"10\" maxlength=\"2000\" class=\"wpcf7-form-control wpcf7-textarea\" id=\"url\" aria-invalid=\"false\" name=\"url\"><\/textarea><\/span><\/span><div class=\"wpcf7-response-output\" aria-hidden=\"true\"><\/div>\n<\/form>\n<\/div>\n\n","protected":false},"excerpt":{"rendered":"","protected":false},"author":1,"featured_media":0,"parent":0,"menu_order":0,"comment_status":"closed","ping_status":"closed","template":"template-kontakt.blade.php","meta":{"footnotes":""},"class_list":["post-3521","page","type-page","status-publish","hentry"],"acf":[],"_links":{"self":[{"href":"https:\/\/shinetrailers.com\/cs\/wp-json\/wp\/v2\/pages\/3521","targetHints":{"allow":["GET"]}}],"collection":[{"href":"https:\/\/shinetrailers.com\/cs\/wp-json\/wp\/v2\/pages"}],"about":[{"href":"https:\/\/shinetrailers.com\/cs\/wp-json\/wp\/v2\/types\/page"}],"author":[{"embeddable":true,"href":"https:\/\/shinetrailers.com\/cs\/wp-json\/wp\/v2\/users\/1"}],"replies":[{"embeddable":true,"href":"https:\/\/shinetrailers.com\/cs\/wp-json\/wp\/v2\/comments?post=3521"}],"version-history":[{"count":1,"href":"https:\/\/shinetrailers.com\/cs\/wp-json\/wp\/v2\/pages\/3521\/revisions"}],"predecessor-version":[{"id":9337,"href":"https:\/\/shinetrailers.com\/cs\/wp-json\/wp\/v2\/pages\/3521\/revisions\/9337"}],"wp:attachment":[{"href":"https:\/\/shinetrailers.com\/cs\/wp-json\/wp\/v2\/media?parent=3521"}],"curies":[{"name":"wp","href":"https:\/\/api.w.org\/{rel}","templated":true}]}}