{"id":3598,"date":"2023-07-12T07:05:49","date_gmt":"2023-07-12T07:05:49","guid":{"rendered":"https:\/\/shinetrailers.com\/shine-camping\/"},"modified":"2023-12-22T08:30:33","modified_gmt":"2023-12-22T08:30:33","slug":"shine-camping","status":"publish","type":"page","link":"https:\/\/shinetrailers.com\/cs\/shine-camping\/","title":{"rendered":"Kempovac\u00ed p\u0159\u00edv\u011bsy SHINE"},"content":{"rendered":"","protected":false},"excerpt":{"rendered":"","protected":false},"author":1,"featured_media":0,"parent":0,"menu_order":0,"comment_status":"closed","ping_status":"closed","template":"template-product.blade.php","meta":{"footnotes":""},"class_list":["post-3598","page","type-page","status-publish","hentry"],"acf":[],"_links":{"self":[{"href":"https:\/\/shinetrailers.com\/cs\/wp-json\/wp\/v2\/pages\/3598","targetHints":{"allow":["GET"]}}],"collection":[{"href":"https:\/\/shinetrailers.com\/cs\/wp-json\/wp\/v2\/pages"}],"about":[{"href":"https:\/\/shinetrailers.com\/cs\/wp-json\/wp\/v2\/types\/page"}],"author":[{"embeddable":true,"href":"https:\/\/shinetrailers.com\/cs\/wp-json\/wp\/v2\/users\/1"}],"replies":[{"embeddable":true,"href":"https:\/\/shinetrailers.com\/cs\/wp-json\/wp\/v2\/comments?post=3598"}],"version-history":[{"count":3,"href":"https:\/\/shinetrailers.com\/cs\/wp-json\/wp\/v2\/pages\/3598\/revisions"}],"predecessor-version":[{"id":9383,"href":"https:\/\/shinetrailers.com\/cs\/wp-json\/wp\/v2\/pages\/3598\/revisions\/9383"}],"wp:attachment":[{"href":"https:\/\/shinetrailers.com\/cs\/wp-json\/wp\/v2\/media?parent=3598"}],"curies":[{"name":"wp","href":"https:\/\/api.w.org\/{rel}","templated":true}]}}