{"id":4614,"date":"2023-07-26T11:36:29","date_gmt":"2023-07-26T11:36:29","guid":{"rendered":"https:\/\/shinetrailers.com\/fortrolighedspolitik\/"},"modified":"2023-08-17T12:30:07","modified_gmt":"2023-08-17T12:30:07","slug":"fortrolighedspolitik","status":"publish","type":"page","link":"https:\/\/shinetrailers.com\/da\/fortrolighedspolitik\/","title":{"rendered":"Fortrolighedspolitik"},"content":{"rendered":"<p><span><\/span><\/p>\n<p>1. Den hjemmeside, du er p\u00e5, indhenter kun information automatisk ved brug af cookies. <\/p>\n<p>2. Cookies er sm\u00e5 filer, normalt tekst, sendt af en webserver og gemt p\u00e5 brugerens side, normalt p\u00e5 harddisken p\u00e5 den enhed, som brugeren bes\u00f8ger hjemmesiden med. Cookies bruges hovedsageligt til at vedligeholde sessionen, fx ved at oprette og sende en midlertidig streng af tegn efter login. De kan dog bruges i et bredere omfang ved at huske enhver information, forudsat at det er muligt at gemme dem i en streng af tegn. <\/p>\n<p>3. Den enhed, der placerer cookies p\u00e5 slutenheden af den bruger, der bes\u00f8ger hjemmesiden og har adgang til dem, er hjemmesidens operat\u00f8r: <strong>IRON TRADING COMPANY, Magnoliowa 11b 73-110 Stargard Polska<\/strong> <\/p>\n<p>4. Cookies placeret p\u00e5 hjemmesiden bruges til at: <\/p>\n<p>a) huske hjemmesiden Brugerens bes\u00f8g og hans pr\u00e6ferencer vedr\u00f8rende hjemmesiden, fx foretrukne sprog p\u00e5 hjemmesiden. Disse filer giver ogs\u00e5 mulighed for at genkende den enhed, der bruges af brugeren, der bes\u00f8ger webstedet, hvilket giver mulighed for dens korrekte visning. <\/p>\n<p>b) indhentning af statistik, der g\u00f8r det muligt at kende pr\u00e6ferencerne for brugere, der bes\u00f8ger webstedet, de tillader ogs\u00e5 at vurdere webstedets popularitet. <\/p>\n<p>c) at logge p\u00e5 ved hj\u00e6lp af hjemmesiden og vedligeholde sessionen efter at have logget ind, takket v\u00e6re deres brug beh\u00f8ver brugeren ikke at logge ind p\u00e5 hver underside p\u00e5 hjemmesiden. <\/p>\n<p>5. Den hjemmeside, du er p\u00e5, bruger to typer cookies, session og permanent. \u2013 sessionsfiler er midlertidige, de eksisterer indtil brugeren forlader hjemmesiden ved at lukke browseren, forlade hjemmesiden eller logge ud. \u2013 permanente filer eksisterer, indtil de slettes af webstedsbrugeren eller i det tidsrum, der er angivet i cookiefilens parametre. <\/p>\n<p>6. I de fleste tilf\u00e6lde tillader softwaren, der bruges til at gennemse websteder (webbrowser), at cookies gemmes p\u00e5 brugerens enhed som standard. Websitebrugeren kan til enhver tid \u00e6ndre indstillingerne for webbrowseren p\u00e5 en s\u00e5dan m\u00e5de, at brugen af cookies blokeres. En s\u00e5dan \u00e6ndring kan foretages i indstillingerne for den software, der bruges til at se hjemmesiden (webbrowser). Detaljerede oplysninger om indstillingerne for webbrowseren er tilg\u00e6ngelige i menuen p\u00e5 fanen Hj\u00e6lp eller p\u00e5 webstedet for producenten af den webbrowser, som brugeren gennemser webstedet med. \u00c6ndringer i indstillingerne i brugerens webbrowser kan p\u00e5virke den korrekte funktion af det viste websted. <\/p>\n<p>7. Cookies, der bruges af webstedet (gemt p\u00e5 den enhed, som brugeren bruger under browsing p\u00e5 webstedet) kan g\u00f8res tilg\u00e6ngelige for dets partnere eller annonc\u00f8rer.<\/p>\n","protected":false},"excerpt":{"rendered":"<p>1. Den hjemmeside, du er p\u00e5, indhenter kun information automatisk ved brug af cookies. 2. Cookies er sm\u00e5 filer, normalt tekst, sendt af en webserver og gemt p\u00e5 brugerens side, normalt p\u00e5 harddisken p\u00e5 den enhed, som brugeren bes\u00f8ger hjemmesiden med. Cookies bruges hovedsageligt til at vedligeholde sessionen, fx ved at oprette og sende en &hellip; <a href=\"https:\/\/shinetrailers.com\/da\/fortrolighedspolitik\/\">Continued<\/a><\/p>\n","protected":false},"author":1,"featured_media":0,"parent":0,"menu_order":0,"comment_status":"closed","ping_status":"closed","template":"template-privacy-policy.blade.php","meta":{"footnotes":""},"class_list":["post-4614","page","type-page","status-publish","hentry"],"acf":[],"_links":{"self":[{"href":"https:\/\/shinetrailers.com\/da\/wp-json\/wp\/v2\/pages\/4614","targetHints":{"allow":["GET"]}}],"collection":[{"href":"https:\/\/shinetrailers.com\/da\/wp-json\/wp\/v2\/pages"}],"about":[{"href":"https:\/\/shinetrailers.com\/da\/wp-json\/wp\/v2\/types\/page"}],"author":[{"embeddable":true,"href":"https:\/\/shinetrailers.com\/da\/wp-json\/wp\/v2\/users\/1"}],"replies":[{"embeddable":true,"href":"https:\/\/shinetrailers.com\/da\/wp-json\/wp\/v2\/comments?post=4614"}],"version-history":[{"count":1,"href":"https:\/\/shinetrailers.com\/da\/wp-json\/wp\/v2\/pages\/4614\/revisions"}],"predecessor-version":[{"id":5104,"href":"https:\/\/shinetrailers.com\/da\/wp-json\/wp\/v2\/pages\/4614\/revisions\/5104"}],"wp:attachment":[{"href":"https:\/\/shinetrailers.com\/da\/wp-json\/wp\/v2\/media?parent=4614"}],"curies":[{"name":"wp","href":"https:\/\/api.w.org\/{rel}","templated":true}]}}