{"id":22327,"date":"2023-07-26T11:36:29","date_gmt":"2023-07-26T11:36:29","guid":{"rendered":"https:\/\/shinetrailers.com\/datenschutzrichtlinie\/"},"modified":"2023-07-26T11:36:29","modified_gmt":"2023-07-26T11:36:29","slug":"datenschutzrichtlinie","status":"publish","type":"page","link":"https:\/\/shinetrailers.com\/de-at\/datenschutzrichtlinie\/","title":{"rendered":"Datenschutzrichtlinie"},"content":{"rendered":"<p><span><\/span><\/p>\n<p>1. Die Website, auf der Sie sich befinden, erfasst Informationen automatisch nur durch den Einsatz von Cookies. <\/p>\n<p>2. Cookies sind kleine Dateien, in der Regel Textdateien, die von einem Webserver gesendet und auf der Seite des Benutzers gespeichert werden, normalerweise auf der Festplatte des Ger\u00e4ts, mit dem der Benutzer die Website besucht. Cookies dienen vor allem dazu, die Sitzung aufrechtzuerhalten, z.B. durch die Erstellung und den Versand einer tempor\u00e4ren Zeichenfolge nach der Anmeldung. Sie k\u00f6nnen jedoch in einem gr\u00f6\u00dferen Umfang verwendet werden, indem sie sich beliebige Informationen merken, sofern es m\u00f6glich ist, sie in einer Zeichenfolge zu speichern. <\/p>\n<p>3. Das Unternehmen, das Cookies auf dem Endger\u00e4t des Benutzers platziert, der die Website besucht und darauf Zugriff hat, ist der Website-Betreiber: <strong>IRON TRADING COMPANY, Magnoliowa 11b 73-110 Stargard Polska<\/strong> 4. Auf der Website platzierte Cookies werden verwendet, um: <\/p>\n<p>a) Erinnern Sie sich an die Besuche des Website-Benutzers und seine Pr\u00e4ferenzen in Bezug auf die Website, z. B. die bevorzugte Sprache der Website. Diese Dateien erm\u00f6glichen auch die Erkennung des vom Benutzer beim Besuch der Website verwendeten Ger\u00e4ts und erm\u00f6glichen so eine korrekte Anzeige. <\/p>\n<p>b) Erstellung von Statistiken, die es erm\u00f6glichen, die Pr\u00e4ferenzen der Benutzer, die die Website besuchen, zu ermitteln und die Beliebtheit der Website zu beurteilen. <\/p>\n<p>c) Anmeldung \u00fcber die Website und Aufrechterhaltung der Sitzung nach der Anmeldung, da sich der Benutzer dank ihrer Nutzung nicht auf jeder Unterseite der Website anmelden muss. <\/p>\n<p>5. Die Website, auf der Sie sich befinden, verwendet zwei Arten von Cookies: Sitzungscookies und permanente Cookies. \u2013 Sitzungsdateien sind tempor\u00e4r und bleiben bestehen, bis der Benutzer die Website verl\u00e4sst, indem er den Browser schlie\u00dft, die Website verl\u00e4sst oder sich abmeldet. \u2013 Permanente Dateien bleiben bestehen, bis sie vom Website-Benutzer gel\u00f6scht werden oder f\u00fcr die in den Parametern der Cookie-Datei angegebene Zeit. <\/p>\n<p>6. In den meisten F\u00e4llen erm\u00f6glicht die zum Durchsuchen von Websites verwendete Software (Webbrowser) standardm\u00e4\u00dfig die Speicherung von Cookies auf dem Ger\u00e4t des Benutzers. Der Website-Benutzer kann die Einstellungen des Webbrowsers jederzeit so \u00e4ndern, dass die Verwendung von Cookies blockiert wird. Eine solche \u00c4nderung kann in den Einstellungen der Software vorgenommen werden, mit der die Website angezeigt wird (Webbrowser). Detaillierte Informationen zu den Einstellungen des Webbrowsers finden Sie in dessen Men\u00fc auf der Registerkarte \u201eHilfe\u201c oder auf der Website des Herstellers des Webbrowsers, mit dem der Benutzer die Website durchsucht. \u00c4nderungen an den Einstellungen im Webbrowser des Benutzers k\u00f6nnen sich auf den korrekten Betrieb der angezeigten Website auswirken. <\/p>\n<p>7. Von der Website verwendete Cookies (die auf dem vom Benutzer beim Surfen auf der Website verwendeten Ger\u00e4t gespeichert werden) k\u00f6nnen ihren Partnern oder Werbetreibenden zur Verf\u00fcgung gestellt werden.<\/p>\n","protected":false},"excerpt":{"rendered":"<p>1. Die Website, auf der Sie sich befinden, erfasst Informationen automatisch nur durch den Einsatz von Cookies. 2. Cookies sind kleine Dateien, in der Regel Textdateien, die von einem Webserver gesendet und auf der Seite des Benutzers gespeichert werden, normalerweise auf der Festplatte des Ger\u00e4ts, mit dem der Benutzer die Website besucht. Cookies dienen vor &hellip; <a href=\"https:\/\/shinetrailers.com\/de-at\/datenschutzrichtlinie\/\">Continued<\/a><\/p>\n","protected":false},"author":1,"featured_media":0,"parent":0,"menu_order":0,"comment_status":"closed","ping_status":"closed","template":"template-privacy-policy.blade.php","meta":{"footnotes":""},"class_list":["post-22327","page","type-page","status-publish","hentry"],"acf":[],"_links":{"self":[{"href":"https:\/\/shinetrailers.com\/de-at\/wp-json\/wp\/v2\/pages\/22327","targetHints":{"allow":["GET"]}}],"collection":[{"href":"https:\/\/shinetrailers.com\/de-at\/wp-json\/wp\/v2\/pages"}],"about":[{"href":"https:\/\/shinetrailers.com\/de-at\/wp-json\/wp\/v2\/types\/page"}],"author":[{"embeddable":true,"href":"https:\/\/shinetrailers.com\/de-at\/wp-json\/wp\/v2\/users\/1"}],"replies":[{"embeddable":true,"href":"https:\/\/shinetrailers.com\/de-at\/wp-json\/wp\/v2\/comments?post=22327"}],"version-history":[{"count":0,"href":"https:\/\/shinetrailers.com\/de-at\/wp-json\/wp\/v2\/pages\/22327\/revisions"}],"wp:attachment":[{"href":"https:\/\/shinetrailers.com\/de-at\/wp-json\/wp\/v2\/media?parent=22327"}],"curies":[{"name":"wp","href":"https:\/\/api.w.org\/{rel}","templated":true}]}}