{"id":4649,"date":"2023-06-02T06:46:19","date_gmt":"2023-06-02T06:46:19","guid":{"rendered":"https:\/\/shinetrailers.com\/kontakt\/"},"modified":"2025-09-16T08:12:38","modified_gmt":"2025-09-16T08:12:38","slug":"kontakt","status":"publish","type":"page","link":"https:\/\/shinetrailers.com\/de\/kontakt\/","title":{"rendered":"Kontakt"},"content":{"rendered":"\n<div class=\"wpcf7 no-js\" id=\"wpcf7-f9525-o1\" lang=\"de-DE\" dir=\"ltr\" data-wpcf7-id=\"9525\">\n<div class=\"screen-reader-response\"><p role=\"status\" aria-live=\"polite\" aria-atomic=\"true\"><\/p> <ul><\/ul><\/div>\n<form action=\"\/de\/wp-json\/wp\/v2\/pages\/4649#wpcf7-f9525-o1\" method=\"post\" class=\"wpcf7-form init\" aria-label=\"Kontaktformular\" novalidate=\"novalidate\" data-status=\"init\">\n<fieldset class=\"hidden-fields-container\"><input type=\"hidden\" name=\"_wpcf7\" value=\"9525\" \/><input type=\"hidden\" name=\"_wpcf7_version\" value=\"6.1.5\" \/><input type=\"hidden\" name=\"_wpcf7_locale\" value=\"de_DE\" \/><input type=\"hidden\" name=\"_wpcf7_unit_tag\" value=\"wpcf7-f9525-o1\" \/><input type=\"hidden\" name=\"_wpcf7_container_post\" value=\"0\" \/><input type=\"hidden\" name=\"_wpcf7_posted_data_hash\" value=\"\" \/>\n<\/fieldset>\n<div class=\"c-form\">\n  <p class=\"c-form__title\">Anfrage senden<\/p>\n  <div class=\"c-form__desc\">\n    <p>F\u00fcr detaillierte Informationen und Preise zu Versionen mit zus\u00e4tzlicher Ausstattung kontaktieren Sie uns bitte \u00fcber das untenstehende Formular.<\/p>\n    <br><p>Das PDF-Dokument mit Ihrer Konfiguration wird automatisch an die Nachricht angeh\u00e4ngt.<\/p>\n  <\/div>\n  <p class=\"c-form__heading\">Kontaktinformationen<\/p>\n  <div class=\"c-form__row\">\n    <div class=\"c-form__item\">\n      <label for=\"name\">\n        <span class=\"wpcf7-form-control-wrap\" data-name=\"your-name\"><input size=\"40\" maxlength=\"400\" class=\"wpcf7-form-control wpcf7-text wpcf7-validates-as-required c-form__input\" id=\"name\" aria-required=\"true\" aria-invalid=\"false\" placeholder=\"p\" value=\"\" type=\"text\" name=\"your-name\" \/><\/span>\n        <span class=\"c-form__label\">Name*<\/span>\n      <\/label>\n    <\/div>\n    <div class=\"c-form__item\">\n      <label for=\"email\">\n        <span class=\"wpcf7-form-control-wrap\" data-name=\"your-email\"><input size=\"40\" maxlength=\"400\" class=\"wpcf7-form-control wpcf7-email wpcf7-validates-as-required wpcf7-text wpcf7-validates-as-email c-form__input\" id=\"email\" aria-required=\"true\" aria-invalid=\"false\" placeholder=\"p\" value=\"\" type=\"email\" name=\"your-email\" \/><\/span>\n        <span class=\"c-form__label\">E-Mail-Adresse*<\/span>\n      <\/label>\n    <\/div>\n  <\/div>\n\n  <div class=\"c-form__row\">\n    <div class=\"c-form__item\">\n      <label for=\"country\">\n        <span class=\"wpcf7-form-control-wrap\" data-name=\"your-country\"><input size=\"40\" maxlength=\"400\" class=\"wpcf7-form-control wpcf7-text c-form__input\" id=\"country\" aria-invalid=\"false\" placeholder=\"p\" value=\"\" type=\"text\" name=\"your-country\" \/><\/span>\n        <span class=\"c-form__label\">Land<\/span>\n      <\/label>\n    <\/div>\n    <div class=\"c-form__item\">\n      <label for=\"city\">\n        <span class=\"wpcf7-form-control-wrap\" data-name=\"your-city\"><input size=\"40\" maxlength=\"400\" class=\"wpcf7-form-control wpcf7-text c-form__input\" id=\"city\" aria-invalid=\"false\" placeholder=\"p\" value=\"\" type=\"text\" name=\"your-city\" \/><\/span>\n        <span class=\"c-form__label\">Stadt<\/span>\n      <\/label>\n    <\/div>\n  <\/div>\n\n  <p class=\"c-form__heading\">Nachricht<\/p>\n  <div class=\"c-form__row\">\n    <div class=\"c-form__item\" style=\"grid-column: 1\/-1;\">\n      <label for=\"message\">\n        <span class=\"wpcf7-form-control-wrap\" data-name=\"message\"><textarea cols=\"40\" rows=\"10\" maxlength=\"2000\" class=\"wpcf7-form-control wpcf7-textarea c-form__input\" id=\"message\" aria-invalid=\"false\" name=\"message\"><\/textarea><\/span>\n        <!-- <span class=\"c-form__label\">Nachricht*<\/span> -->\n      <\/label>\n    <\/div>\n  <\/div>\n<span class=\"t-typo-p4\" style=\"color: #ECB11B\">* Pflichtfeld<\/span>\n  <span class=\"wpcf7-form-control-wrap\" data-name=\"rodo\"><span class=\"wpcf7-form-control wpcf7-acceptance\"><span class=\"wpcf7-list-item\"><label><input type=\"checkbox\" name=\"rodo\" value=\"1\" aria-invalid=\"false\" \/><span class=\"wpcf7-list-item-label\">Ich erkl\u00e4re, dass ich die <a href=\"\/polityka-prywatnosci\/\">Datenschutzerkl\u00e4rung und die Informationsklausel zur DSGVO<\/a> gelesen habe und akzeptiere <span style=\"color: #ECB11B;\">*<\/span><\/span><\/label><\/span><\/span><\/span>\n<div class=\"c-form__desc\" style=\"margin-top: 8px;\">Gem\u00e4\u00df Artikel 66 \u00a71 des B\u00fcrgerlichen Gesetzbuchs stellen diese Informationen kein Angebot im rechtlichen Sinne dar und dienen nur zu Informationszwecken.<\/div>\n<input class=\"wpcf7-form-control wpcf7-submit has-spinner\" type=\"submit\" value=\"Anfrage senden\" \/>\n<\/div>\n<span style=\"display: none;\"><span class=\"wpcf7-form-control-wrap\" data-name=\"url\"><textarea cols=\"40\" rows=\"10\" maxlength=\"2000\" class=\"wpcf7-form-control wpcf7-textarea\" id=\"url\" aria-invalid=\"false\" name=\"url\"><\/textarea><\/span><\/span><div class=\"wpcf7-response-output\" aria-hidden=\"true\"><\/div>\n<\/form>\n<\/div>\n\n","protected":false},"excerpt":{"rendered":"","protected":false},"author":1,"featured_media":0,"parent":0,"menu_order":0,"comment_status":"closed","ping_status":"closed","template":"template-kontakt.blade.php","meta":{"footnotes":""},"class_list":["post-4649","page","type-page","status-publish","hentry"],"acf":[],"_links":{"self":[{"href":"https:\/\/shinetrailers.com\/de\/wp-json\/wp\/v2\/pages\/4649","targetHints":{"allow":["GET"]}}],"collection":[{"href":"https:\/\/shinetrailers.com\/de\/wp-json\/wp\/v2\/pages"}],"about":[{"href":"https:\/\/shinetrailers.com\/de\/wp-json\/wp\/v2\/types\/page"}],"author":[{"embeddable":true,"href":"https:\/\/shinetrailers.com\/de\/wp-json\/wp\/v2\/users\/1"}],"replies":[{"embeddable":true,"href":"https:\/\/shinetrailers.com\/de\/wp-json\/wp\/v2\/comments?post=4649"}],"version-history":[{"count":1,"href":"https:\/\/shinetrailers.com\/de\/wp-json\/wp\/v2\/pages\/4649\/revisions"}],"predecessor-version":[{"id":9342,"href":"https:\/\/shinetrailers.com\/de\/wp-json\/wp\/v2\/pages\/4649\/revisions\/9342"}],"wp:attachment":[{"href":"https:\/\/shinetrailers.com\/de\/wp-json\/wp\/v2\/media?parent=4649"}],"curies":[{"name":"wp","href":"https:\/\/api.w.org\/{rel}","templated":true}]}}