{"id":4771,"date":"2023-07-26T11:36:29","date_gmt":"2023-07-26T11:36:29","guid":{"rendered":"https:\/\/shinetrailers.com\/politica-de-privacidad\/"},"modified":"2023-08-17T12:24:29","modified_gmt":"2023-08-17T12:24:29","slug":"politica-de-privacidad","status":"publish","type":"page","link":"https:\/\/shinetrailers.com\/es\/politica-de-privacidad\/","title":{"rendered":"pol\u00edtica de privacidad"},"content":{"rendered":"<p><span><\/span><\/p>\n<p>1. El sitio web en el que se encuentra obtiene informaci\u00f3n autom\u00e1ticamente solo con el uso de cookies. <\/p>\n<p>2. Las cookies son peque\u00f1os archivos, generalmente de texto, enviados por un servidor web y almacenados en el lado del Usuario, generalmente en el disco duro del dispositivo con el que el Usuario visita el sitio web. Las cookies se utilizan principalmente para mantener la sesi\u00f3n, por ejemplo, creando y enviando una cadena temporal de caracteres despu\u00e9s de iniciar sesi\u00f3n. Sin embargo, pueden usarse en un \u00e1mbito m\u00e1s amplio recordando cualquier informaci\u00f3n, siempre que sea posible guardarlos en una cadena de caracteres. <\/p>\n<p>3. La entidad que coloca cookies en el dispositivo final del usuario que visita el sitio web y tiene acceso a ellas es el operador del sitio web: <strong>IRON TRADING COMPANY, Magnoliowa 11b 73-110 Stargard Polska<\/strong> <\/p>\n<p>4. Las cookies colocadas en el sitio web se utilizan para: <\/p>\n<p>a) recordar las visitas del usuario del sitio web y sus preferencias con respecto al sitio web, por ejemplo, el idioma preferido del sitio web. Estos archivos tambi\u00e9n permiten reconocer el dispositivo utilizado por el Usuario que visita el Sitio Web, lo que permite su correcta visualizaci\u00f3n. <\/p>\n<p>b) obtener estad\u00edsticas que permitan conocer las preferencias de los Usuarios que visitan el Sitio Web, as\u00ed como evaluar la popularidad del Sitio Web. <\/p>\n<p>c) iniciar sesi\u00f3n utilizando el Sitio Web y mantener la sesi\u00f3n despu\u00e9s de iniciar sesi\u00f3n, gracias a su uso, el Usuario no tiene que iniciar sesi\u00f3n en cada subp\u00e1gina del Sitio Web. <\/p>\n<p>5. El sitio web en el que se encuentra utiliza dos tipos de cookies, de sesi\u00f3n y permanentes. \u2013 los archivos de sesi\u00f3n son temporales, existen hasta que el Usuario abandona el Sitio web cerrando el navegador, abandonando el Sitio web o desconect\u00e1ndose. \u2013 los archivos permanentes existen hasta que son borrados por el Usuario del Sitio Web o durante el tiempo especificado en los par\u00e1metros del archivo cookie. <\/p>\n<p>6. En la mayor\u00eda de los casos, el software utilizado para navegar por los sitios web (navegador web) permite que se guarden cookies en el dispositivo del Usuario por defecto. El usuario del sitio web puede en cualquier momento cambiar la configuraci\u00f3n del navegador web para bloquear el uso de cookies. Dicho cambio se puede realizar en la configuraci\u00f3n del software utilizado para ver el sitio web (navegador web). La informaci\u00f3n detallada sobre la configuraci\u00f3n del navegador web est\u00e1 disponible en su men\u00fa en la pesta\u00f1a de ayuda o en la p\u00e1gina web del fabricante del navegador web con el que el Usuario navega por el Sitio Web. Los cambios realizados en la configuraci\u00f3n del navegador web del Usuario pueden afectar al correcto funcionamiento del sitio web visualizado. <\/p>\n<p>7. Las cookies utilizadas por el sitio web (guardadas en el dispositivo utilizado por el usuario mientras navega por el sitio web) pueden ponerse a disposici\u00f3n de sus socios o anunciantes.<\/p>\n","protected":false},"excerpt":{"rendered":"<p>1. El sitio web en el que se encuentra obtiene informaci\u00f3n autom\u00e1ticamente solo con el uso de cookies. 2. Las cookies son peque\u00f1os archivos, generalmente de texto, enviados por un servidor web y almacenados en el lado del Usuario, generalmente en el disco duro del dispositivo con el que el Usuario visita el sitio web. &hellip; <a href=\"https:\/\/shinetrailers.com\/es\/politica-de-privacidad\/\">Continued<\/a><\/p>\n","protected":false},"author":1,"featured_media":0,"parent":0,"menu_order":0,"comment_status":"closed","ping_status":"closed","template":"template-privacy-policy.blade.php","meta":{"footnotes":""},"class_list":["post-4771","page","type-page","status-publish","hentry"],"acf":[],"_links":{"self":[{"href":"https:\/\/shinetrailers.com\/es\/wp-json\/wp\/v2\/pages\/4771","targetHints":{"allow":["GET"]}}],"collection":[{"href":"https:\/\/shinetrailers.com\/es\/wp-json\/wp\/v2\/pages"}],"about":[{"href":"https:\/\/shinetrailers.com\/es\/wp-json\/wp\/v2\/types\/page"}],"author":[{"embeddable":true,"href":"https:\/\/shinetrailers.com\/es\/wp-json\/wp\/v2\/users\/1"}],"replies":[{"embeddable":true,"href":"https:\/\/shinetrailers.com\/es\/wp-json\/wp\/v2\/comments?post=4771"}],"version-history":[{"count":1,"href":"https:\/\/shinetrailers.com\/es\/wp-json\/wp\/v2\/pages\/4771\/revisions"}],"predecessor-version":[{"id":5093,"href":"https:\/\/shinetrailers.com\/es\/wp-json\/wp\/v2\/pages\/4771\/revisions\/5093"}],"wp:attachment":[{"href":"https:\/\/shinetrailers.com\/es\/wp-json\/wp\/v2\/media?parent=4771"}],"curies":[{"name":"wp","href":"https:\/\/api.w.org\/{rel}","templated":true}]}}