{"id":4586,"date":"2023-07-26T11:36:29","date_gmt":"2023-07-26T11:36:29","guid":{"rendered":"https:\/\/shinetrailers.com\/politique-de-confidentialite\/"},"modified":"2023-08-17T12:28:44","modified_gmt":"2023-08-17T12:28:44","slug":"politique-de-confidentialite","status":"publish","type":"page","link":"https:\/\/shinetrailers.com\/fr\/politique-de-confidentialite\/","title":{"rendered":"politique de confidentialit\u00e9"},"content":{"rendered":"<p><span><\/span><\/p>\n<p>1. Le site Web sur lequel vous vous trouvez n&#39;obtient automatiquement des informations qu&#39;avec l&#39;utilisation de cookies. <\/p>\n<p>2. Les cookies sont de petits fichiers, g\u00e9n\u00e9ralement du texte, envoy\u00e9s par un serveur Web et stock\u00e9s du c\u00f4t\u00e9 de l&#39;utilisateur, g\u00e9n\u00e9ralement sur le disque dur de l&#39;appareil avec lequel l&#39;utilisateur visite le site Web. Les cookies sont principalement utilis\u00e9s pour maintenir la session, par exemple en cr\u00e9ant et en envoyant une cha\u00eene de caract\u00e8res temporaire apr\u00e8s la connexion. Cependant, ils peuvent \u00eatre utilis\u00e9s dans un cadre plus large en m\u00e9morisant n&#39;importe quelle information, \u00e0 condition qu&#39;il soit possible de les enregistrer dans une cha\u00eene de caract\u00e8res. <\/p>\n<p>3. L&#39;entit\u00e9 pla\u00e7ant des cookies sur l&#39;appareil final de l&#39;utilisateur visitant le site Web et y ayant acc\u00e8s est l&#39;op\u00e9rateur du site Web : <strong>IRON TRADING COMPANY, Magnoliowa 11b 73-110 Stargard Polska<\/strong> <\/p>\n<p>4. Les cookies plac\u00e9s sur le site Web sont utilis\u00e9s pour : <\/p>\n<p>a) m\u00e9moriser les visites de l&#39;utilisateur du site Web et ses pr\u00e9f\u00e9rences concernant le site Web, par exemple la langue pr\u00e9f\u00e9r\u00e9e du site Web. Ces fichiers permettent \u00e9galement de reconna\u00eetre l&#39;appareil utilis\u00e9 par l&#39;Utilisateur visitant le Site, ce qui permet son affichage correct. <\/p>\n<p>b) obtenir des statistiques permettant de conna\u00eetre les pr\u00e9f\u00e9rences des Utilisateurs visitant le Site, elles permettent \u00e9galement d&#39;\u00e9valuer la popularit\u00e9 du site. <\/p>\n<p>c) se connecter en utilisant le site Web et maintenir la session apr\u00e8s la connexion, gr\u00e2ce \u00e0 leur utilisation, l&#39;utilisateur n&#39;a pas \u00e0 se connecter sur chaque sous-page du site Web. <\/p>\n<p>5. Le site Web sur lequel vous vous trouvez utilise deux types de cookies, de session et permanents. \u2013 les fichiers de session sont temporaires, ils existent jusqu&#39;\u00e0 ce que l&#39;Utilisateur quitte le Site en fermant le navigateur, en quittant le Site ou en se d\u00e9connectant. \u2013 les fichiers permanents existent jusqu&#39;\u00e0 leur suppression par l&#39;Utilisateur du Site ou pendant la dur\u00e9e indiqu\u00e9e dans les param\u00e8tres du fichier cookie. <\/p>\n<p>6. Dans la plupart des cas, le logiciel utilis\u00e9 pour naviguer sur les sites Web (navigateur Web) permet par d\u00e9faut l&#39;enregistrement de cookies sur l&#39;appareil de l&#39;Utilisateur. L&#39;utilisateur du site Web peut \u00e0 tout moment modifier les param\u00e8tres du navigateur Web de mani\u00e8re \u00e0 bloquer l&#39;utilisation de cookies. Une telle modification peut \u00eatre effectu\u00e9e dans les param\u00e8tres du logiciel utilis\u00e9 pour consulter le site Web (navigateur Web). Des informations d\u00e9taill\u00e9es sur les param\u00e8tres du navigateur Web sont disponibles dans son menu dans l&#39;onglet d&#39;aide ou sur le site Web du fabricant du navigateur Web avec lequel l&#39;Utilisateur navigue sur le Site Web. Les modifications apport\u00e9es aux param\u00e8tres du navigateur Web de l&#39;utilisateur peuvent affecter le bon fonctionnement du site Web affich\u00e9. <\/p>\n<p>7. Les cookies utilis\u00e9s par le Site (enregistr\u00e9s sur l&#39;appareil utilis\u00e9 par l&#39;Utilisateur lors de sa navigation sur le Site) peuvent \u00eatre mis \u00e0 la disposition de ses partenaires ou annonceurs.<\/p>\n","protected":false},"excerpt":{"rendered":"<p>1. Le site Web sur lequel vous vous trouvez n&#39;obtient automatiquement des informations qu&#39;avec l&#39;utilisation de cookies. 2. Les cookies sont de petits fichiers, g\u00e9n\u00e9ralement du texte, envoy\u00e9s par un serveur Web et stock\u00e9s du c\u00f4t\u00e9 de l&#39;utilisateur, g\u00e9n\u00e9ralement sur le disque dur de l&#39;appareil avec lequel l&#39;utilisateur visite le site Web. Les cookies sont &hellip; <a href=\"https:\/\/shinetrailers.com\/fr\/politique-de-confidentialite\/\">Continued<\/a><\/p>\n","protected":false},"author":1,"featured_media":0,"parent":0,"menu_order":0,"comment_status":"closed","ping_status":"closed","template":"template-privacy-policy.blade.php","meta":{"footnotes":""},"class_list":["post-4586","page","type-page","status-publish","hentry"],"acf":[],"_links":{"self":[{"href":"https:\/\/shinetrailers.com\/fr\/wp-json\/wp\/v2\/pages\/4586","targetHints":{"allow":["GET"]}}],"collection":[{"href":"https:\/\/shinetrailers.com\/fr\/wp-json\/wp\/v2\/pages"}],"about":[{"href":"https:\/\/shinetrailers.com\/fr\/wp-json\/wp\/v2\/types\/page"}],"author":[{"embeddable":true,"href":"https:\/\/shinetrailers.com\/fr\/wp-json\/wp\/v2\/users\/1"}],"replies":[{"embeddable":true,"href":"https:\/\/shinetrailers.com\/fr\/wp-json\/wp\/v2\/comments?post=4586"}],"version-history":[{"count":1,"href":"https:\/\/shinetrailers.com\/fr\/wp-json\/wp\/v2\/pages\/4586\/revisions"}],"predecessor-version":[{"id":5101,"href":"https:\/\/shinetrailers.com\/fr\/wp-json\/wp\/v2\/pages\/4586\/revisions\/5101"}],"wp:attachment":[{"href":"https:\/\/shinetrailers.com\/fr\/wp-json\/wp\/v2\/media?parent=4586"}],"curies":[{"name":"wp","href":"https:\/\/api.w.org\/{rel}","templated":true}]}}