{"id":4589,"date":"2023-06-02T06:46:19","date_gmt":"2023-06-02T06:46:19","guid":{"rendered":"https:\/\/shinetrailers.com\/contact\/"},"modified":"2025-09-16T07:56:45","modified_gmt":"2025-09-16T07:56:45","slug":"contact","status":"publish","type":"page","link":"https:\/\/shinetrailers.com\/fr\/contact\/","title":{"rendered":"contact"},"content":{"rendered":"\n<div class=\"wpcf7 no-js\" id=\"wpcf7-f9524-o1\" lang=\"fr-FR\" dir=\"ltr\" data-wpcf7-id=\"9524\">\n<div class=\"screen-reader-response\"><p role=\"status\" aria-live=\"polite\" aria-atomic=\"true\"><\/p> <ul><\/ul><\/div>\n<form action=\"\/fr\/wp-json\/wp\/v2\/pages\/4589#wpcf7-f9524-o1\" method=\"post\" class=\"wpcf7-form init\" aria-label=\"Formulaire de contact\" novalidate=\"novalidate\" data-status=\"init\">\n<fieldset class=\"hidden-fields-container\"><input type=\"hidden\" name=\"_wpcf7\" value=\"9524\" \/><input type=\"hidden\" name=\"_wpcf7_version\" value=\"6.1.5\" \/><input type=\"hidden\" name=\"_wpcf7_locale\" value=\"fr_FR\" \/><input type=\"hidden\" name=\"_wpcf7_unit_tag\" value=\"wpcf7-f9524-o1\" \/><input type=\"hidden\" name=\"_wpcf7_container_post\" value=\"0\" \/><input type=\"hidden\" name=\"_wpcf7_posted_data_hash\" value=\"\" \/>\n<\/fieldset>\n<div class=\"c-form\">\n  <p class=\"c-form__title\">Envoyer une demande<\/p>\n  <div class=\"c-form__desc\">\n    <p>Pour obtenir des informations d\u00e9taill\u00e9es et le prix des versions avec \u00e9quipement suppl\u00e9mentaire, veuillez nous contacter via le formulaire ci-dessous.<\/p>\n    <br><p>Le document PDF avec votre configuration sera automatiquement joint au message.<\/p>\n  <\/div>\n  <p class=\"c-form__heading\">Informations de contact<\/p>\n  <div class=\"c-form__row\">\n    <div class=\"c-form__item\">\n      <label for=\"name\">\n        <span class=\"wpcf7-form-control-wrap\" data-name=\"your-name\"><input size=\"40\" maxlength=\"400\" class=\"wpcf7-form-control wpcf7-text wpcf7-validates-as-required c-form__input\" id=\"name\" aria-required=\"true\" aria-invalid=\"false\" placeholder=\"p\" value=\"\" type=\"text\" name=\"your-name\" \/><\/span>\n        <span class=\"c-form__label\">Nom*<\/span>\n      <\/label>\n    <\/div>\n    <div class=\"c-form__item\">\n      <label for=\"email\">\n        <span class=\"wpcf7-form-control-wrap\" data-name=\"your-email\"><input size=\"40\" maxlength=\"400\" class=\"wpcf7-form-control wpcf7-email wpcf7-validates-as-required wpcf7-text wpcf7-validates-as-email c-form__input\" id=\"email\" aria-required=\"true\" aria-invalid=\"false\" placeholder=\"p\" value=\"\" type=\"email\" name=\"your-email\" \/><\/span>\n        <span class=\"c-form__label\">Adresse e-mail*<\/span>\n      <\/label>\n    <\/div>\n  <\/div>\n\n  <div class=\"c-form__row\">\n    <div class=\"c-form__item\">\n      <label for=\"country\">\n        <span class=\"wpcf7-form-control-wrap\" data-name=\"your-country\"><input size=\"40\" maxlength=\"400\" class=\"wpcf7-form-control wpcf7-text c-form__input\" id=\"country\" aria-invalid=\"false\" placeholder=\"p\" value=\"\" type=\"text\" name=\"your-country\" \/><\/span>\n        <span class=\"c-form__label\">Pays<\/span>\n      <\/label>\n    <\/div>\n    <div class=\"c-form__item\">\n      <label for=\"city\">\n        <span class=\"wpcf7-form-control-wrap\" data-name=\"your-city\"><input size=\"40\" maxlength=\"400\" class=\"wpcf7-form-control wpcf7-text c-form__input\" id=\"city\" aria-invalid=\"false\" placeholder=\"p\" value=\"\" type=\"text\" name=\"your-city\" \/><\/span>\n        <span class=\"c-form__label\">Ville<\/span>\n      <\/label>\n    <\/div>\n  <\/div>\n\n  <p class=\"c-form__heading\">Contenu du message<\/p>\n  <div class=\"c-form__row\">\n    <div class=\"c-form__item\" style=\"grid-column: 1\/-1;\">\n      <label for=\"message\">\n        <span class=\"wpcf7-form-control-wrap\" data-name=\"message\"><textarea cols=\"40\" rows=\"10\" maxlength=\"2000\" class=\"wpcf7-form-control wpcf7-textarea c-form__input\" id=\"message\" aria-invalid=\"false\" name=\"message\"><\/textarea><\/span>\n        <!-- <span class=\"c-form__label\">Contenu du message*<\/span> -->\n      <\/label>\n    <\/div>\n  <\/div>\n<span class=\"t-typo-p4\" style=\"color: #ECB11B\">* Champ obligatoire<\/span>\n  <span class=\"wpcf7-form-control-wrap\" data-name=\"rodo\"><span class=\"wpcf7-form-control wpcf7-acceptance\"><span class=\"wpcf7-list-item\"><label><input type=\"checkbox\" name=\"rodo\" value=\"1\" aria-invalid=\"false\" \/><span class=\"wpcf7-list-item-label\">Je d\u00e9clare avoir lu et accept\u00e9 la <a href=\"\/polityka-prywatnosci\/\">Politique de confidentialit\u00e9 et la Clause d'information sur le RGPD<\/a> <span style=\"color: #ECB11B;\">*<\/span><\/span><\/label><\/span><\/span><\/span>\n<div class=\"c-form__desc\" style=\"margin-top: 8px;\">Conform\u00e9ment \u00e0 l'article 66 \u00a71 du Code civil, ces informations ne constituent pas une offre au sens juridique et servent uniquement \u00e0 des fins informatives.<\/div>\n<input class=\"wpcf7-form-control wpcf7-submit has-spinner\" type=\"submit\" value=\"Envoyer la demande\" \/>\n<\/div>\n<span style=\"display: none;\"><span class=\"wpcf7-form-control-wrap\" data-name=\"url\"><textarea cols=\"40\" rows=\"10\" maxlength=\"2000\" class=\"wpcf7-form-control wpcf7-textarea\" id=\"url\" aria-invalid=\"false\" name=\"url\"><\/textarea><\/span><\/span><div class=\"wpcf7-response-output\" aria-hidden=\"true\"><\/div>\n<\/form>\n<\/div>\n\n","protected":false},"excerpt":{"rendered":"","protected":false},"author":1,"featured_media":0,"parent":0,"menu_order":0,"comment_status":"closed","ping_status":"closed","template":"template-kontakt.blade.php","meta":{"footnotes":""},"class_list":["post-4589","page","type-page","status-publish","hentry"],"acf":[],"_links":{"self":[{"href":"https:\/\/shinetrailers.com\/fr\/wp-json\/wp\/v2\/pages\/4589","targetHints":{"allow":["GET"]}}],"collection":[{"href":"https:\/\/shinetrailers.com\/fr\/wp-json\/wp\/v2\/pages"}],"about":[{"href":"https:\/\/shinetrailers.com\/fr\/wp-json\/wp\/v2\/types\/page"}],"author":[{"embeddable":true,"href":"https:\/\/shinetrailers.com\/fr\/wp-json\/wp\/v2\/users\/1"}],"replies":[{"embeddable":true,"href":"https:\/\/shinetrailers.com\/fr\/wp-json\/wp\/v2\/comments?post=4589"}],"version-history":[{"count":1,"href":"https:\/\/shinetrailers.com\/fr\/wp-json\/wp\/v2\/pages\/4589\/revisions"}],"predecessor-version":[{"id":9341,"href":"https:\/\/shinetrailers.com\/fr\/wp-json\/wp\/v2\/pages\/4589\/revisions\/9341"}],"wp:attachment":[{"href":"https:\/\/shinetrailers.com\/fr\/wp-json\/wp\/v2\/media?parent=4589"}],"curies":[{"name":"wp","href":"https:\/\/api.w.org\/{rel}","templated":true}]}}