{"id":10383,"date":"2023-07-26T11:36:29","date_gmt":"2023-07-26T11:36:29","guid":{"rendered":"https:\/\/shinetrailers.com\/polityka-prywatnosci\/"},"modified":"2024-03-20T14:13:33","modified_gmt":"2024-03-20T14:13:33","slug":"polisa-privatnosti","status":"publish","type":"page","link":"https:\/\/shinetrailers.com\/hr\/polisa-privatnosti\/","title":{"rendered":"Polisa privatnosti"},"content":{"rendered":"<p><span><\/span><\/p>\n<p>1. Strona internetowa na kt\u00f3rej si\u0119 znajdujesz pozyskuje informacje w spos\u00f3b automatyczny tylko i wy\u0142\u0105cznie z wykorzystaniem plik\u00f3w cookies.<\/p>\n<p>2. Ciasteczka (ang. cookies) to niewielkie pliki zazwyczaj tekstowe, wysy\u0142ane przez serwer WWW i przechowywane po stronie U\u017cytkownika najcz\u0119\u015bciej na dysku twardym urz\u0105dzenia za pomoc\u0105 kt\u00f3rego u\u017cytkownik odwiedza stron\u0119 internetow\u0105.<br \/>\nPliki cookies wykorzystywane s\u0105 g\u0142\u00f3wnie do utrzymywania sesji np. poprzez utworzenie i odes\u0142anie tymczasowego ci\u0105gu znak\u00f3w po logowaniu. Mog\u0105 by\u0107 jednak wykorzystywane w szerszym zakresie poprzez zapami\u0119tanie dowolnych informacji, pod warunkiem \u017ce istnieje mo\u017cliwo\u015b\u0107 zapisanie ich ci\u0105giem znak\u00f3w.<\/p>\n<p>3. Podmiotem zamieszczaj\u0105cym na urz\u0105dzeniu ko\u0144cowym u\u017cytkownika odwiedzaj\u0105cego stron\u0119 internetow\u0105 pliki cookies oraz maj\u0105cym do nich dost\u0119p jest operator serwisu:<\/p>\n<p><strong>IRON TRADING COMPANY, Magnoliowa 11b 73-110 Stargard Polska<\/strong><\/p>\n<p>4. Pliki cookies zamieszczone na Stronie internetowej s\u0142u\u017c\u0105:<br \/>\na) zapami\u0119taniu odwiedzin U\u017cytkownika strony internetowej oraz jego preferencji dotycz\u0105cych strony internetowej np. preferowany j\u0119zyk strony. Pliki te pozwalaj\u0105 r\u00f3wnie\u017c za rozpoznanie urz\u0105dzenia z jakiego korzysta U\u017cytkownik odwiedzaj\u0105cy Stron\u0119 internetow\u0105 co pozwala na poprawne jej wy\u015bwietlenie.<\/p>\n<p>b) uzyskaniu statystyk pozwalaj\u0105cych pozna\u0107 preferencje U\u017cytkownik\u00f3w odwiedzaj\u0105cych Stron\u0119 internetow\u0105, pozwalaj\u0105 r\u00f3wnie\u017c na ocen\u0119 popularno\u015bci strony internetowej.<\/p>\n<p>c) logowaniu U\u017cytkowania strony Internetowej oraz utrzymaniu sesji po zalogowaniu si\u0119, dzi\u0119ki ich wykorzystaniu U\u017cytkownik nie musi logowa\u0107 si\u0119 na ka\u017cdej podstronie Strony internetowej.<\/p>\n<p>5. Strona internetowa na kt\u00f3rej si\u0119 znajdujesz wykorzystuje dwa rodzaje plik\u00f3w cookies, sesyjne oraz sta\u0142e.<br \/>\n\u2013 pliki sesyjne s\u0105 tymczasowe, istniej\u0105 do momentu opuszczenia przez U\u017cytkownika Strony Internetowej poprzez zamkni\u0119cie przegl\u0105darki,<br \/>\nopuszczenie Strony internetowej lub wylogowanie si\u0119.<br \/>\n\u2013 pliki sta\u0142e istniej\u0105 do momentu usuni\u0119cia ich przez U\u017cytkowania Strony internetowej lub przez czas okre\u015blony w parametrach pliku cookies.<\/p>\n<p>6. W wi\u0119kszo\u015bci przypadk\u00f3w oprogramowanie wykorzystywane do przegl\u0105dania stron internetowych (przegl\u0105darka internetowa) domy\u015blnie pozwala na zapisywanie plik\u00f3w cookies w urz\u0105dzeniu U\u017cytkownika.<br \/>\nU\u017cytkownik Strony internetowej mo\u017ce w ka\u017cdej chwili zmieni\u0107 ustawienia przegl\u0105darki internetowej w taki spos\u00f3b aby zablokowa\u0107 obs\u0142ug\u0119 plik\u00f3w cookies. Zmiany takiej mo\u017cna dokona\u0107 w ustawieniach oprogramowania wykorzystywanego do przegl\u0105dania Strony internetowej (przegl\u0105darki internetowej).<br \/>\nSzczeg\u00f3\u0142owe informacje nt. ustawie\u0144 przegl\u0105darki internetowej dost\u0119pne s\u0105 w jej menu w zak\u0142adce pomoc lub na stronie internetowej producenta przegl\u0105darki internetowej za pomoc\u0105 kt\u00f3rej U\u017cytkownik przegl\u0105da Stron\u0119 internetow\u0105.<br \/>\nZmiany wprowadzone w ustawieniach w przegl\u0105darce internetowej U\u017cytkownika, wp\u0142yn\u0105\u0107 mog\u0105 na poprawne dzia\u0142anie wy\u015bwietlanej strony internetowej.<\/p>\n<p>7. Pliki cookies wykorzystywane przez Stron\u0119 internetow\u0105 (zapisywane na urz\u0105dzeniu z kt\u00f3rego korzysta U\u017cytkownik w trakcie przegl\u0105dania strony internetowej), mog\u0105 zosta\u0107 udost\u0119pnione jej partnerom lub reklamodawc\u0105.<\/p>\n","protected":false},"excerpt":{"rendered":"<p>1. Strona internetowa na kt\u00f3rej si\u0119 znajdujesz pozyskuje informacje w spos\u00f3b automatyczny tylko i wy\u0142\u0105cznie z wykorzystaniem plik\u00f3w cookies. 2. Ciasteczka (ang. cookies) to niewielkie pliki zazwyczaj tekstowe, wysy\u0142ane przez serwer WWW i przechowywane po stronie U\u017cytkownika najcz\u0119\u015bciej na dysku twardym urz\u0105dzenia za pomoc\u0105 kt\u00f3rego u\u017cytkownik odwiedza stron\u0119 internetow\u0105. Pliki cookies wykorzystywane s\u0105 g\u0142\u00f3wnie do &hellip; <a href=\"https:\/\/shinetrailers.com\/hr\/polisa-privatnosti\/\">Continued<\/a><\/p>\n","protected":false},"author":1,"featured_media":0,"parent":0,"menu_order":0,"comment_status":"closed","ping_status":"closed","template":"template-privacy-policy.blade.php","meta":{"footnotes":""},"class_list":["post-10383","page","type-page","status-publish","hentry"],"acf":[],"_links":{"self":[{"href":"https:\/\/shinetrailers.com\/hr\/wp-json\/wp\/v2\/pages\/10383","targetHints":{"allow":["GET"]}}],"collection":[{"href":"https:\/\/shinetrailers.com\/hr\/wp-json\/wp\/v2\/pages"}],"about":[{"href":"https:\/\/shinetrailers.com\/hr\/wp-json\/wp\/v2\/types\/page"}],"author":[{"embeddable":true,"href":"https:\/\/shinetrailers.com\/hr\/wp-json\/wp\/v2\/users\/1"}],"replies":[{"embeddable":true,"href":"https:\/\/shinetrailers.com\/hr\/wp-json\/wp\/v2\/comments?post=10383"}],"version-history":[{"count":1,"href":"https:\/\/shinetrailers.com\/hr\/wp-json\/wp\/v2\/pages\/10383\/revisions"}],"predecessor-version":[{"id":10384,"href":"https:\/\/shinetrailers.com\/hr\/wp-json\/wp\/v2\/pages\/10383\/revisions\/10384"}],"wp:attachment":[{"href":"https:\/\/shinetrailers.com\/hr\/wp-json\/wp\/v2\/media?parent=10383"}],"curies":[{"name":"wp","href":"https:\/\/api.w.org\/{rel}","templated":true}]}}