{"id":4723,"date":"2023-07-26T11:36:29","date_gmt":"2023-07-26T11:36:29","guid":{"rendered":"https:\/\/shinetrailers.com\/privatumo-politika\/"},"modified":"2023-08-17T12:25:26","modified_gmt":"2023-08-17T12:25:26","slug":"privatumo-politika","status":"publish","type":"page","link":"https:\/\/shinetrailers.com\/lt\/privatumo-politika\/","title":{"rendered":"Privatumo politika"},"content":{"rendered":"<p><span><\/span><\/p>\n<p>1. Svetain\u0117, kurioje esate, informacij\u0105 gauna automati\u0161kai tik naudojant slapukus. <\/p>\n<p>2. Slapukai yra nedideli failai, da\u017eniausiai tekstas, siun\u010diami \u017einiatinklio serverio ir saugomi Vartotojo pus\u0117je, da\u017eniausiai \u012frenginio, su kuriuo Vartotojas lankosi svetain\u0117je, stand\u017eiajame diske. Slapukai daugiausia naudojami seansui palaikyti, pvz., sukuriant ir i\u0161siun\u010diant laikin\u0105 simboli\u0173 eilut\u0119 po prisijungimo. Ta\u010diau juos galima naudoti ir pla\u010diau, \u012fsimenant bet koki\u0105 informacij\u0105, su s\u0105lyga, kad juos galima i\u0161saugoti simboli\u0173 eilut\u0117je. <\/p>\n<p>3. Subjektas, talpinantis slapukus \u012f interneto svetain\u0117je besilankan\u010dio vartotojo galutin\u012f \u012frengin\u012f ir turintis prieig\u0105 prie j\u0173, yra svetain\u0117s operatorius: <strong>IRON TRADING COMPANY, Magnoliowa 11b 73-110 Stargard Polska<\/strong> <\/p>\n<p>4. Svetain\u0117je patalpinti slapukai naudojami siekiant: <\/p>\n<p>a) prisiminti naudotojo apsilankymus svetain\u0117je ir jo pageidavimus, susijusius su svetaine, pvz., pageidaujam\u0105 svetain\u0117s kalb\u0105. \u0160ie failai taip pat leid\u017eia atpa\u017einti Svetain\u0117je besilankan\u010dio Vartotojo naudojam\u0105 \u012frengin\u012f, o tai leid\u017eia teisingai atvaizduoti. <\/p>\n<p>b) statistikos gavimas, leid\u017eiantis su\u017einoti Svetain\u0117je besilankan\u010di\u0173 Vartotoj\u0173 pageidavimus, taip pat leid\u017eia \u012fvertinti svetain\u0117s populiarum\u0105. <\/p>\n<p>c) prisijungiant prie Svetain\u0117s ir i\u0161laikant seans\u0105 prisijungus, j\u0173 naudojimo d\u0117ka Vartotojas neprivalo prisijungti prie kiekvieno Svetain\u0117s antrinio puslapio. <\/p>\n<p>5. Svetain\u0117je, kurioje esate, naudojami dviej\u0173 tip\u0173 slapukai \u2013 sesijos ir nuolatiniai. \u2013 seanso failai yra laikini, jie egzistuoja tol, kol Vartotojas i\u0161eina i\u0161 Svetain\u0117s u\u017edarydamas nar\u0161ykl\u0119, i\u0161\u0117j\u0119s i\u0161 Svetain\u0117s arba atsijung\u0119s. \u2013 nuolatiniai failai egzistuoja tol, kol juos i\u0161trina Svetain\u0117s vartotojas arba slapuk\u0173 failo parametruose nurodyt\u0105 laik\u0105. <\/p>\n<p>6. Daugeliu atvej\u0173 programin\u0117 \u012franga, naudojama nar\u0161yti interneto svetain\u0117se (interneto nar\u0161ykl\u0117), leid\u017eia pagal numatytuosius nustatymus \u012fra\u0161yti slapukus Vartotojo \u012frenginyje. Svetain\u0117s naudotojas gali bet kada pakeisti interneto nar\u0161ykl\u0117s nustatymus taip, kad b\u016bt\u0173 u\u017eblokuotas slapuk\u0173 naudojimas. Tok\u012f pakeitim\u0105 galima atlikti Svetain\u0117s per\u017ei\u016brai naudojamos programin\u0117s \u012frangos (interneto nar\u0161ykl\u0117s) nustatymuose. I\u0161sami\u0105 informacij\u0105 apie interneto nar\u0161ykl\u0117s nustatymus rasite jos meniu, esan\u010diame \u017einyno skirtuke, arba interneto nar\u0161ykl\u0117s, su kuria Vartotojas nar\u0161o Svetain\u0117je, gamintojo svetain\u0117je. Vartotojo interneto nar\u0161ykl\u0117je atlikti nustatym\u0173 pakeitimai gali tur\u0117ti \u012ftakos teisingam rodomos svetain\u0117s veikimui. <\/p>\n<p>7. Svetain\u0117s naudojami slapukai (i\u0161saugomi \u012frenginyje, kur\u012f Vartotojas naudoja nar\u0161ydamas Svetain\u0117je) gali b\u016bti prieinami jos partneriams ar reklamuotojams.<\/p>\n","protected":false},"excerpt":{"rendered":"<p>1. Svetain\u0117, kurioje esate, informacij\u0105 gauna automati\u0161kai tik naudojant slapukus. 2. Slapukai yra nedideli failai, da\u017eniausiai tekstas, siun\u010diami \u017einiatinklio serverio ir saugomi Vartotojo pus\u0117je, da\u017eniausiai \u012frenginio, su kuriuo Vartotojas lankosi svetain\u0117je, stand\u017eiajame diske. Slapukai daugiausia naudojami seansui palaikyti, pvz., sukuriant ir i\u0161siun\u010diant laikin\u0105 simboli\u0173 eilut\u0119 po prisijungimo. Ta\u010diau juos galima naudoti ir pla\u010diau, \u012fsimenant bet &hellip; <a href=\"https:\/\/shinetrailers.com\/lt\/privatumo-politika\/\">Continued<\/a><\/p>\n","protected":false},"author":1,"featured_media":0,"parent":0,"menu_order":0,"comment_status":"closed","ping_status":"closed","template":"template-privacy-policy.blade.php","meta":{"footnotes":""},"class_list":["post-4723","page","type-page","status-publish","hentry"],"acf":[],"_links":{"self":[{"href":"https:\/\/shinetrailers.com\/lt\/wp-json\/wp\/v2\/pages\/4723","targetHints":{"allow":["GET"]}}],"collection":[{"href":"https:\/\/shinetrailers.com\/lt\/wp-json\/wp\/v2\/pages"}],"about":[{"href":"https:\/\/shinetrailers.com\/lt\/wp-json\/wp\/v2\/types\/page"}],"author":[{"embeddable":true,"href":"https:\/\/shinetrailers.com\/lt\/wp-json\/wp\/v2\/users\/1"}],"replies":[{"embeddable":true,"href":"https:\/\/shinetrailers.com\/lt\/wp-json\/wp\/v2\/comments?post=4723"}],"version-history":[{"count":1,"href":"https:\/\/shinetrailers.com\/lt\/wp-json\/wp\/v2\/pages\/4723\/revisions"}],"predecessor-version":[{"id":5095,"href":"https:\/\/shinetrailers.com\/lt\/wp-json\/wp\/v2\/pages\/4723\/revisions\/5095"}],"wp:attachment":[{"href":"https:\/\/shinetrailers.com\/lt\/wp-json\/wp\/v2\/media?parent=4723"}],"curies":[{"name":"wp","href":"https:\/\/api.w.org\/{rel}","templated":true}]}}