{"id":4726,"date":"2023-06-02T06:46:19","date_gmt":"2023-06-02T06:46:19","guid":{"rendered":"https:\/\/shinetrailers.com\/kontaktas\/"},"modified":"2023-12-21T15:03:54","modified_gmt":"2023-12-21T15:03:54","slug":"kontaktas","status":"publish","type":"page","link":"https:\/\/shinetrailers.com\/lt\/kontaktas\/","title":{"rendered":"kontaktas"},"content":{"rendered":"\n<div class=\"wpcf7 no-js\" id=\"wpcf7-f9529-o1\" lang=\"lt-LT\" dir=\"ltr\" data-wpcf7-id=\"9529\">\n<div class=\"screen-reader-response\"><p role=\"status\" aria-live=\"polite\" aria-atomic=\"true\"><\/p> <ul><\/ul><\/div>\n<form action=\"\/lt\/wp-json\/wp\/v2\/pages\/4726#wpcf7-f9529-o1\" method=\"post\" class=\"wpcf7-form init\" aria-label=\"Kontakt\u0173 forma\" novalidate=\"novalidate\" data-status=\"init\">\n<fieldset class=\"hidden-fields-container\"><input type=\"hidden\" name=\"_wpcf7\" value=\"9529\" \/><input type=\"hidden\" name=\"_wpcf7_version\" value=\"6.1.6\" \/><input type=\"hidden\" name=\"_wpcf7_locale\" value=\"lt_LT\" \/><input type=\"hidden\" name=\"_wpcf7_unit_tag\" value=\"wpcf7-f9529-o1\" \/><input type=\"hidden\" name=\"_wpcf7_container_post\" value=\"0\" \/><input type=\"hidden\" name=\"_wpcf7_posted_data_hash\" value=\"\" \/>\n<\/fieldset>\n<div class=\"c-form\">\n  <p class=\"c-form__title\">Si\u0173sti u\u017eklaus\u0105<\/p>\n  <div class=\"c-form__desc\">\n    <p>Nor\u0117dami gauti i\u0161sami\u0105 informacij\u0105 ir kainas u\u017e papildomai \u012frengtus modelius, pra\u0161ome susisiekti su mumis per \u017eemiau pateikt\u0105 form\u0105.<\/p>\n    <br><p>PDF dokumentas su j\u016bs\u0173 konfig\u016bracija bus automati\u0161kai prid\u0117tas prie \u017einut\u0117s.<\/p>\n  <\/div>\n  <p class=\"c-form__heading\">Kontaktin\u0117 informacija<\/p>\n  <div class=\"c-form__row\">\n    <div class=\"c-form__item\">\n      <label for=\"name\">\n        <span class=\"wpcf7-form-control-wrap\" data-name=\"your-name\"><input size=\"40\" maxlength=\"400\" class=\"wpcf7-form-control wpcf7-text wpcf7-validates-as-required c-form__input\" id=\"name\" aria-required=\"true\" aria-invalid=\"false\" placeholder=\"p\" value=\"\" type=\"text\" name=\"your-name\" \/><\/span>\n        <span class=\"c-form__label\">Vardas*<\/span>\n      <\/label>\n    <\/div>\n    <div class=\"c-form__item\">\n      <label for=\"email\">\n        <span class=\"wpcf7-form-control-wrap\" data-name=\"your-email\"><input size=\"40\" maxlength=\"400\" class=\"wpcf7-form-control wpcf7-email wpcf7-validates-as-required wpcf7-text wpcf7-validates-as-email c-form__input\" id=\"email\" aria-required=\"true\" aria-invalid=\"false\" placeholder=\"p\" value=\"\" type=\"email\" name=\"your-email\" \/><\/span>\n        <span class=\"c-form__label\">El. pa\u0161to adresas*<\/span>\n      <\/label>\n    <\/div>\n  <\/div>\n\n  <div class=\"c-form__row\">\n    <div class=\"c-form__item\">\n      <label for=\"country\">\n        <span class=\"wpcf7-form-control-wrap\" data-name=\"your-country\"><input size=\"40\" maxlength=\"400\" class=\"wpcf7-form-control wpcf7-text c-form__input\" id=\"country\" aria-invalid=\"false\" placeholder=\"p\" value=\"\" type=\"text\" name=\"your-country\" \/><\/span>\n        <span class=\"c-form__label\">\u0160alis<\/span>\n      <\/label>\n    <\/div>\n    <div class=\"c-form__item\">\n      <label for=\"city\">\n        <span class=\"wpcf7-form-control-wrap\" data-name=\"your-city\"><input size=\"40\" maxlength=\"400\" class=\"wpcf7-form-control wpcf7-text c-form__input\" id=\"city\" aria-invalid=\"false\" placeholder=\"p\" value=\"\" type=\"text\" name=\"your-city\" \/><\/span>\n        <span class=\"c-form__label\">Miestas<\/span>\n      <\/label>\n    <\/div>\n  <\/div>\n\n  <p class=\"c-form__heading\">\u017dinut\u0117s turinys<\/p>\n  <div class=\"c-form__row\">\n    <div class=\"c-form__item\" style=\"grid-column: 1\/-1;\">\n      <label for=\"message\">\n        <span class=\"wpcf7-form-control-wrap\" data-name=\"message\"><textarea cols=\"40\" rows=\"10\" maxlength=\"2000\" class=\"wpcf7-form-control wpcf7-textarea c-form__input\" id=\"message\" aria-invalid=\"false\" name=\"message\"><\/textarea><\/span>\n        <!-- <span class=\"c-form__label\">\u017dinut\u0117s turinys*<\/span> -->\n      <\/label>\n    <\/div>\n  <\/div>\n<span class=\"t-typo-p4\" style=\"color: #ECB11B\">* Privalomas laukas<\/span>\n  <span class=\"wpcf7-form-control-wrap\" data-name=\"rodo\"><span class=\"wpcf7-form-control wpcf7-acceptance\"><span class=\"wpcf7-list-item\"><label><input type=\"checkbox\" name=\"rodo\" value=\"1\" aria-invalid=\"false\" \/><span class=\"wpcf7-list-item-label\">Patvirtinu, kad perskai\u010diau ir sutinku su <a href=\"\/polityka-prywatnosci\/\">Privatumo politika ir RODO informavimo s\u0105lygomis<\/a> <span style=\"color: #ECB11B;\">*<\/span><\/span><\/label><\/span><\/span><\/span>\n<div class=\"c-form__desc\" style=\"margin-top: 8px;\">Pagal Civilinio kodekso 66 straipsnio 1 dal\u012f \u0161i informacija n\u0117ra pasi\u016blymas teisine prasme ir teikiama tik informaciniais tikslais.<\/div>\n<input class=\"wpcf7-form-control wpcf7-submit has-spinner\" type=\"submit\" value=\"Si\u0173sti u\u017eklaus\u0105\" \/>\n<\/div>\n<span style=\"display: none;\"><span class=\"wpcf7-form-control-wrap\" data-name=\"url\"><textarea cols=\"40\" rows=\"10\" maxlength=\"2000\" class=\"wpcf7-form-control wpcf7-textarea\" id=\"url\" aria-invalid=\"false\" name=\"url\"><\/textarea><\/span><\/span><div class=\"wpcf7-response-output\" aria-hidden=\"true\"><\/div>\n<\/form>\n<\/div>\n\n","protected":false},"excerpt":{"rendered":"","protected":false},"author":1,"featured_media":0,"parent":0,"menu_order":0,"comment_status":"closed","ping_status":"closed","template":"template-kontakt.blade.php","meta":{"footnotes":""},"class_list":["post-4726","page","type-page","status-publish","hentry"],"acf":[],"_links":{"self":[{"href":"https:\/\/shinetrailers.com\/lt\/wp-json\/wp\/v2\/pages\/4726","targetHints":{"allow":["GET"]}}],"collection":[{"href":"https:\/\/shinetrailers.com\/lt\/wp-json\/wp\/v2\/pages"}],"about":[{"href":"https:\/\/shinetrailers.com\/lt\/wp-json\/wp\/v2\/types\/page"}],"author":[{"embeddable":true,"href":"https:\/\/shinetrailers.com\/lt\/wp-json\/wp\/v2\/users\/1"}],"replies":[{"embeddable":true,"href":"https:\/\/shinetrailers.com\/lt\/wp-json\/wp\/v2\/comments?post=4726"}],"version-history":[{"count":1,"href":"https:\/\/shinetrailers.com\/lt\/wp-json\/wp\/v2\/pages\/4726\/revisions"}],"predecessor-version":[{"id":9346,"href":"https:\/\/shinetrailers.com\/lt\/wp-json\/wp\/v2\/pages\/4726\/revisions\/9346"}],"wp:attachment":[{"href":"https:\/\/shinetrailers.com\/lt\/wp-json\/wp\/v2\/media?parent=4726"}],"curies":[{"name":"wp","href":"https:\/\/api.w.org\/{rel}","templated":true}]}}