{"id":4707,"date":"2023-07-26T11:36:29","date_gmt":"2023-07-26T11:36:29","guid":{"rendered":"https:\/\/shinetrailers.com\/privatuma-politika\/"},"modified":"2023-08-17T12:25:56","modified_gmt":"2023-08-17T12:25:56","slug":"privatuma-politika","status":"publish","type":"page","link":"https:\/\/shinetrailers.com\/lv\/privatuma-politika\/","title":{"rendered":"Priv\u0101tuma politika"},"content":{"rendered":"<p><span><\/span><\/p>\n<p>1. Vietne, kur\u0101 atrodaties, autom\u0101tiski ieg\u016bst inform\u0101ciju, tikai izmantojot s\u012bkfailus. <\/p>\n<p>2. S\u012bkdatnes ir mazi faili, parasti teksts, ko nos\u016bta t\u012bmek\u013ca serveris un glab\u0101 Lietot\u0101ja pus\u0113, parasti t\u0101s ier\u012bces cietaj\u0101 disk\u0101, ar kuru Lietot\u0101js apmekl\u0113 vietni. S\u012bkfaili galvenok\u0101rt tiek izmantoti sesijas uztur\u0113\u0161anai, piem\u0113ram, izveidojot un nos\u016btot pagaidu rakstz\u012bmju virkni p\u0113c pieteik\u0161an\u0101s. Ta\u010du tos var izmantot pla\u0161\u0101k\u0101 apjom\u0101, iegaum\u0113jot jebkuru inform\u0101ciju, ar nosac\u012bjumu, ka ir iesp\u0113jams tos saglab\u0101t rakstz\u012bmju virkn\u0113. <\/p>\n<p>3. Persona, kas ievieto s\u012bkfailus t\u0101 lietot\u0101ja gala ier\u012bc\u0113, kur\u0161 apmekl\u0113 vietni un kam ir piek\u013cuve t\u0101m, ir vietnes operators: <strong>IRON TRADING COMPANY, Magnoliowa 11b 73-110 Stargard Polska<\/strong> <\/p>\n<p>4. Vietn\u0113 ievietot\u0101s s\u012bkdatnes tiek izmantotas, lai: <\/p>\n<p>a) atcer\u0113ties vietnes Lietot\u0101ja apmekl\u0113jumus un vi\u0146a preferences attiec\u012bb\u0101 uz vietni, piem\u0113ram, v\u0113lamo vietnes valodu. \u0160ie faili ar\u012b \u013cauj atpaz\u012bt ier\u012bci, ko izmanto Lietot\u0101js, apmekl\u0113jot Vietni, kas \u013cauj to pareizi att\u0113lot. <\/p>\n<p>b) statistikas ieg\u016b\u0161ana, kas \u013cauj uzzin\u0101t Vietnes apmekl\u0113juma Lietot\u0101ju v\u0113lmes, k\u0101 ar\u012b \u013cauj nov\u0113rt\u0113t vietnes popularit\u0101ti. <\/p>\n<p>c) piesakoties, izmantojot Vietni, un sesijas uztur\u0113\u0161ana p\u0113c pieteik\u0161an\u0101s, pateicoties to izmanto\u0161anai, Lietot\u0101jam nav j\u0101piesak\u0101s katr\u0101 Vietnes apak\u0161lap\u0101. <\/p>\n<p>5. Vietne, kur\u0101 atrodaties, izmanto divu veidu s\u012bkfailus \u2014 sesijas un past\u0101v\u012bg\u0101s. \u2013 sesijas faili ir \u012bslaic\u012bgi, tie past\u0101v l\u012bdz br\u012bdim, kad Lietot\u0101js atst\u0101j Vietni, aizverot p\u0101rl\u016bkprogrammu, atst\u0101jot Vietni vai izrakstoties. \u2013 past\u0101v\u012bgie faili past\u0101v l\u012bdz br\u012bdim, kad Vietnes lietot\u0101js tos izdz\u0113\u0161 vai uz s\u012bkfaila parametros nor\u0101d\u012bto laiku. <\/p>\n<p>6. Vairum\u0101 gad\u012bjumu t\u012bmek\u013ca viet\u0146u p\u0101rl\u016bko\u0161anai izmantot\u0101 programmat\u016bra (t\u012bmek\u013ca p\u0101rl\u016bks) \u013cauj p\u0113c noklus\u0113juma saglab\u0101t s\u012bkfailus Lietot\u0101ja ier\u012bc\u0113. Vietnes lietot\u0101js var jebkur\u0101 laik\u0101 main\u012bt t\u012bmek\u013ca p\u0101rl\u016bkprogrammas iestat\u012bjumus t\u0101, lai blo\u0137\u0113tu s\u012bkdat\u0146u izmanto\u0161anu. \u0160\u0101das izmai\u0146as var veikt Vietnes (t\u012bmek\u013ca p\u0101rl\u016bkprogrammas) apskatei izmantot\u0101s programmat\u016bras iestat\u012bjumos. Detaliz\u0113ta inform\u0101cija par t\u012bmek\u013ca p\u0101rl\u016bkprogrammas iestat\u012bjumiem ir pieejama t\u0101s izv\u0113ln\u0113 pal\u012bdz\u012bbas ciln\u0113 vai t\u012bmek\u013ca p\u0101rl\u016bkprogrammas ra\u017eot\u0101ja vietn\u0113, ar kuru Lietot\u0101js p\u0101rl\u016bko Vietni. Lietot\u0101ja t\u012bmek\u013ca p\u0101rl\u016bkprogrammas iestat\u012bjumos veikt\u0101s izmai\u0146as var ietekm\u0113t pareizu att\u0113lot\u0101s vietnes darb\u012bbu. <\/p>\n<p>7. Vietnes izmantot\u0101s s\u012bkdatnes (kas tiek saglab\u0101tas ier\u012bc\u0113, ko Lietot\u0101js izmanto, p\u0101rl\u016bkojot Vietni) var b\u016bt pieejamas t\u0101s partneriem vai rekl\u0101mdev\u0113jiem.<\/p>\n","protected":false},"excerpt":{"rendered":"<p>1. Vietne, kur\u0101 atrodaties, autom\u0101tiski ieg\u016bst inform\u0101ciju, tikai izmantojot s\u012bkfailus. 2. S\u012bkdatnes ir mazi faili, parasti teksts, ko nos\u016bta t\u012bmek\u013ca serveris un glab\u0101 Lietot\u0101ja pus\u0113, parasti t\u0101s ier\u012bces cietaj\u0101 disk\u0101, ar kuru Lietot\u0101js apmekl\u0113 vietni. S\u012bkfaili galvenok\u0101rt tiek izmantoti sesijas uztur\u0113\u0161anai, piem\u0113ram, izveidojot un nos\u016btot pagaidu rakstz\u012bmju virkni p\u0113c pieteik\u0161an\u0101s. Ta\u010du tos var izmantot pla\u0161\u0101k\u0101 &hellip; <a href=\"https:\/\/shinetrailers.com\/lv\/privatuma-politika\/\">Continued<\/a><\/p>\n","protected":false},"author":1,"featured_media":0,"parent":0,"menu_order":0,"comment_status":"closed","ping_status":"closed","template":"template-privacy-policy.blade.php","meta":{"footnotes":""},"class_list":["post-4707","page","type-page","status-publish","hentry"],"acf":[],"_links":{"self":[{"href":"https:\/\/shinetrailers.com\/lv\/wp-json\/wp\/v2\/pages\/4707","targetHints":{"allow":["GET"]}}],"collection":[{"href":"https:\/\/shinetrailers.com\/lv\/wp-json\/wp\/v2\/pages"}],"about":[{"href":"https:\/\/shinetrailers.com\/lv\/wp-json\/wp\/v2\/types\/page"}],"author":[{"embeddable":true,"href":"https:\/\/shinetrailers.com\/lv\/wp-json\/wp\/v2\/users\/1"}],"replies":[{"embeddable":true,"href":"https:\/\/shinetrailers.com\/lv\/wp-json\/wp\/v2\/comments?post=4707"}],"version-history":[{"count":1,"href":"https:\/\/shinetrailers.com\/lv\/wp-json\/wp\/v2\/pages\/4707\/revisions"}],"predecessor-version":[{"id":5096,"href":"https:\/\/shinetrailers.com\/lv\/wp-json\/wp\/v2\/pages\/4707\/revisions\/5096"}],"wp:attachment":[{"href":"https:\/\/shinetrailers.com\/lv\/wp-json\/wp\/v2\/media?parent=4707"}],"curies":[{"name":"wp","href":"https:\/\/api.w.org\/{rel}","templated":true}]}}