{"id":4710,"date":"2023-06-02T06:46:19","date_gmt":"2023-06-02T06:46:19","guid":{"rendered":"https:\/\/shinetrailers.com\/kontaktpersona\/"},"modified":"2023-12-21T15:03:20","modified_gmt":"2023-12-21T15:03:20","slug":"kontaktpersona","status":"publish","type":"page","link":"https:\/\/shinetrailers.com\/lv\/kontaktpersona\/","title":{"rendered":"kontaktpersona"},"content":{"rendered":"\n<div class=\"wpcf7 no-js\" id=\"wpcf7-f9528-o1\" lang=\"lv-LV\" dir=\"ltr\" data-wpcf7-id=\"9528\">\n<div class=\"screen-reader-response\"><p role=\"status\" aria-live=\"polite\" aria-atomic=\"true\"><\/p> <ul><\/ul><\/div>\n<form action=\"\/lv\/wp-json\/wp\/v2\/pages\/4710#wpcf7-f9528-o1\" method=\"post\" class=\"wpcf7-form init\" aria-label=\"Contact form\" novalidate=\"novalidate\" data-status=\"init\">\n<fieldset class=\"hidden-fields-container\"><input type=\"hidden\" name=\"_wpcf7\" value=\"9528\" \/><input type=\"hidden\" name=\"_wpcf7_version\" value=\"6.1.5\" \/><input type=\"hidden\" name=\"_wpcf7_locale\" value=\"lv_LV\" \/><input type=\"hidden\" name=\"_wpcf7_unit_tag\" value=\"wpcf7-f9528-o1\" \/><input type=\"hidden\" name=\"_wpcf7_container_post\" value=\"0\" \/><input type=\"hidden\" name=\"_wpcf7_posted_data_hash\" value=\"\" \/>\n<\/fieldset>\n<div class=\"c-form\">\n  <p class=\"c-form__title\">Nos\u016bt\u012bt piepras\u012bjumu<\/p>\n  <div class=\"c-form__desc\">\n    <p>Lai ieg\u016btu detaliz\u0113tu inform\u0101ciju un cenas par versij\u0101m ar papildu apr\u012bkojumu, l\u016bdzu, sazinieties ar mums, izmantojot zem\u0101k eso\u0161o veidlapu.<\/p>\n    <br><p>PDF dokuments ar j\u016bsu konfigur\u0101ciju tiks autom\u0101tiski pievienots zi\u0146ojumam.<\/p>\n  <\/div>\n  <p class=\"c-form__heading\">Kontaktinform\u0101cija<\/p>\n  <div class=\"c-form__row\">\n    <div class=\"c-form__item\">\n      <label for=\"name\">\n        <span class=\"wpcf7-form-control-wrap\" data-name=\"your-name\"><input size=\"40\" maxlength=\"400\" class=\"wpcf7-form-control wpcf7-text wpcf7-validates-as-required c-form__input\" id=\"name\" aria-required=\"true\" aria-invalid=\"false\" placeholder=\"p\" value=\"\" type=\"text\" name=\"your-name\" \/><\/span>\n        <span class=\"c-form__label\">V\u0101rds*<\/span>\n      <\/label>\n    <\/div>\n    <div class=\"c-form__item\">\n      <label for=\"email\">\n        <span class=\"wpcf7-form-control-wrap\" data-name=\"your-email\"><input size=\"40\" maxlength=\"400\" class=\"wpcf7-form-control wpcf7-email wpcf7-validates-as-required wpcf7-text wpcf7-validates-as-email c-form__input\" id=\"email\" aria-required=\"true\" aria-invalid=\"false\" placeholder=\"p\" value=\"\" type=\"email\" name=\"your-email\" \/><\/span>\n        <span class=\"c-form__label\">E-pasta adrese*<\/span>\n      <\/label>\n    <\/div>\n  <\/div>\n\n  <div class=\"c-form__row\">\n    <div class=\"c-form__item\">\n      <label for=\"country\">\n        <span class=\"wpcf7-form-control-wrap\" data-name=\"your-country\"><input size=\"40\" maxlength=\"400\" class=\"wpcf7-form-control wpcf7-text c-form__input\" id=\"country\" aria-invalid=\"false\" placeholder=\"p\" value=\"\" type=\"text\" name=\"your-country\" \/><\/span>\n        <span class=\"c-form__label\">Valsts<\/span>\n      <\/label>\n    <\/div>\n    <div class=\"c-form__item\">\n      <label for=\"city\">\n        <span class=\"wpcf7-form-control-wrap\" data-name=\"your-city\"><input size=\"40\" maxlength=\"400\" class=\"wpcf7-form-control wpcf7-text c-form__input\" id=\"city\" aria-invalid=\"false\" placeholder=\"p\" value=\"\" type=\"text\" name=\"your-city\" \/><\/span>\n        <span class=\"c-form__label\">Pils\u0113ta<\/span>\n      <\/label>\n    <\/div>\n  <\/div>\n\n  <p class=\"c-form__heading\">Zi\u0146ojuma saturs<\/p>\n  <div class=\"c-form__row\">\n    <div class=\"c-form__item\" style=\"grid-column: 1\/-1;\">\n      <label for=\"message\">\n        <span class=\"wpcf7-form-control-wrap\" data-name=\"message\"><textarea cols=\"40\" rows=\"10\" maxlength=\"2000\" class=\"wpcf7-form-control wpcf7-textarea c-form__input\" id=\"message\" aria-invalid=\"false\" name=\"message\"><\/textarea><\/span>\n        <!-- <span class=\"c-form__label\">Zi\u0146ojuma saturs*<\/span> -->\n      <\/label>\n    <\/div>\n  <\/div>\n<span class=\"t-typo-p4\" style=\"color: #ECB11B\">* Oblig\u0101ts lauks<\/span>\n  <span class=\"wpcf7-form-control-wrap\" data-name=\"rodo\"><span class=\"wpcf7-form-control wpcf7-acceptance\"><span class=\"wpcf7-list-item\"><label><input type=\"checkbox\" name=\"rodo\" value=\"1\" aria-invalid=\"false\" \/><span class=\"wpcf7-list-item-label\">Es pazi\u0146oju, ka esmu izlas\u012bjis un pie\u0146\u0113mis <a href=\"\/polityka-prywatnosci\/\">Priv\u0101tuma politiku un RODO inform\u0101cijas klauzulu<\/a> <span style=\"color: #ECB11B;\">*<\/span><\/span><\/label><\/span><\/span><\/span>\n<div class=\"c-form__desc\" style=\"margin-top: 8px;\">Saska\u0146\u0101 ar Civillikuma 66. panta 1. da\u013cu \u0161\u012b inform\u0101cija nav pied\u0101v\u0101jums tiesisk\u0101 izpratn\u0113 un tiek sniegta tikai informat\u012bviem m\u0113r\u0137iem.<\/div>\n<input class=\"wpcf7-form-control wpcf7-submit has-spinner\" type=\"submit\" value=\"Nos\u016bt\u012bt piepras\u012bjumu\" \/>\n<\/div>\n<span style=\"display: none;\"><span class=\"wpcf7-form-control-wrap\" data-name=\"url\"><textarea cols=\"40\" rows=\"10\" maxlength=\"2000\" class=\"wpcf7-form-control wpcf7-textarea\" id=\"url\" aria-invalid=\"false\" name=\"url\"><\/textarea><\/span><\/span><div class=\"wpcf7-response-output\" aria-hidden=\"true\"><\/div>\n<\/form>\n<\/div>\n\n","protected":false},"excerpt":{"rendered":"","protected":false},"author":1,"featured_media":0,"parent":0,"menu_order":0,"comment_status":"closed","ping_status":"closed","template":"template-kontakt.blade.php","meta":{"footnotes":""},"class_list":["post-4710","page","type-page","status-publish","hentry"],"acf":[],"_links":{"self":[{"href":"https:\/\/shinetrailers.com\/lv\/wp-json\/wp\/v2\/pages\/4710","targetHints":{"allow":["GET"]}}],"collection":[{"href":"https:\/\/shinetrailers.com\/lv\/wp-json\/wp\/v2\/pages"}],"about":[{"href":"https:\/\/shinetrailers.com\/lv\/wp-json\/wp\/v2\/types\/page"}],"author":[{"embeddable":true,"href":"https:\/\/shinetrailers.com\/lv\/wp-json\/wp\/v2\/users\/1"}],"replies":[{"embeddable":true,"href":"https:\/\/shinetrailers.com\/lv\/wp-json\/wp\/v2\/comments?post=4710"}],"version-history":[{"count":1,"href":"https:\/\/shinetrailers.com\/lv\/wp-json\/wp\/v2\/pages\/4710\/revisions"}],"predecessor-version":[{"id":9345,"href":"https:\/\/shinetrailers.com\/lv\/wp-json\/wp\/v2\/pages\/4710\/revisions\/9345"}],"wp:attachment":[{"href":"https:\/\/shinetrailers.com\/lv\/wp-json\/wp\/v2\/media?parent=4710"}],"curies":[{"name":"wp","href":"https:\/\/api.w.org\/{rel}","templated":true}]}}