{"id":4739,"date":"2023-07-26T11:36:29","date_gmt":"2023-07-26T11:36:29","guid":{"rendered":"https:\/\/shinetrailers.com\/personvernerklaering\/"},"modified":"2023-08-17T12:24:57","modified_gmt":"2023-08-17T12:24:57","slug":"personvernerklaering","status":"publish","type":"page","link":"https:\/\/shinetrailers.com\/no\/personvernerklaering\/","title":{"rendered":"personvernerkl\u00e6ring"},"content":{"rendered":"<p><span><\/span><\/p>\n<p>1. Nettstedet du er p\u00e5 innhenter informasjon automatisk kun ved bruk av informasjonskapsler. <\/p>\n<p>2. Informasjonskapsler er sm\u00e5 filer, vanligvis tekst, sendt av en webserver og lagret p\u00e5 brukerens side, vanligvis p\u00e5 harddisken til enheten som brukeren bes\u00f8ker nettstedet med. Informasjonskapsler brukes hovedsakelig for \u00e5 opprettholde \u00f8kten, for eksempel ved \u00e5 opprette og sende en midlertidig tegnstreng etter p\u00e5logging. De kan imidlertid brukes i et st\u00f8rre omfang ved \u00e5 huske all informasjon, forutsatt at det er mulig \u00e5 lagre dem i en streng med tegn. <\/p>\n<p>3. Enheten som plasserer informasjonskapsler p\u00e5 sluttenheten til brukeren som bes\u00f8ker nettstedet og har tilgang til dem, er nettstedoperat\u00f8ren: <strong>IRON TRADING COMPANY, Magnoliowa 11b 73-110 Stargard Polska<\/strong> <\/p>\n<p>4. Informasjonskapsler plassert p\u00e5 nettstedet brukes til \u00e5: <\/p>\n<p>a) husk nettstedet Brukerens bes\u00f8k og hans preferanser ang\u00e5ende nettstedet, for eksempel foretrukket spr\u00e5k p\u00e5 nettstedet. Disse filene gj\u00f8r det ogs\u00e5 mulig \u00e5 gjenkjenne enheten som brukes av brukeren som bes\u00f8ker nettstedet, noe som muliggj\u00f8r korrekt visning. <\/p>\n<p>b) innhenting av statistikk som gj\u00f8r det mulig \u00e5 vite preferansene til brukere som bes\u00f8ker nettstedet, de tillater ogs\u00e5 \u00e5 vurdere populariteten til nettstedet. <\/p>\n<p>c) p\u00e5logging ved hjelp av nettstedet og vedlikehold av \u00f8kten etter innlogging, takket v\u00e6re bruken deres, trenger ikke brukeren \u00e5 logge inn p\u00e5 hver underside p\u00e5 nettstedet. <\/p>\n<p>5. Nettstedet du er p\u00e5 bruker to typer informasjonskapsler, session og permanent. \u2013 \u00f8ktfiler er midlertidige, de eksisterer til brukeren forlater nettstedet ved \u00e5 lukke nettleseren, forlate nettstedet eller logge ut. \u2013 permanente filer eksisterer inntil de slettes av brukeren av nettstedet eller i den tiden som er spesifisert i parameterne for informasjonskapselfilen. <\/p>\n<p>6. I de fleste tilfeller tillater programvaren som brukes til \u00e5 surfe p\u00e5 nettsider (nettleser) som standard at informasjonskapsler lagres p\u00e5 brukerens enhet. Nettstedbrukeren kan n\u00e5r som helst endre innstillingene til nettleseren p\u00e5 en slik m\u00e5te at den blokkerer bruken av informasjonskapsler. En slik endring kan gj\u00f8res i innstillingene til programvaren som brukes til \u00e5 vise nettstedet (nettleseren). Detaljert informasjon om innstillingene til nettleseren er tilgjengelig i menyen i hjelpefanen eller p\u00e5 nettstedet til produsenten av nettleseren som brukeren surfer p\u00e5 nettstedet med. Endringer som gj\u00f8res i innstillingene i brukerens nettleser kan p\u00e5virke korrekt drift av det viste nettstedet. <\/p>\n<p>7. Informasjonskapsler som brukes av nettstedet (lagret p\u00e5 enheten som brukes av brukeren mens du surfer p\u00e5 nettstedet) kan gj\u00f8res tilgjengelig for partnere eller annons\u00f8rer.<\/p>\n","protected":false},"excerpt":{"rendered":"<p>1. Nettstedet du er p\u00e5 innhenter informasjon automatisk kun ved bruk av informasjonskapsler. 2. Informasjonskapsler er sm\u00e5 filer, vanligvis tekst, sendt av en webserver og lagret p\u00e5 brukerens side, vanligvis p\u00e5 harddisken til enheten som brukeren bes\u00f8ker nettstedet med. Informasjonskapsler brukes hovedsakelig for \u00e5 opprettholde \u00f8kten, for eksempel ved \u00e5 opprette og sende en midlertidig &hellip; <a href=\"https:\/\/shinetrailers.com\/no\/personvernerklaering\/\">Continued<\/a><\/p>\n","protected":false},"author":1,"featured_media":0,"parent":0,"menu_order":0,"comment_status":"closed","ping_status":"closed","template":"template-privacy-policy.blade.php","meta":{"footnotes":""},"class_list":["post-4739","page","type-page","status-publish","hentry"],"acf":[],"_links":{"self":[{"href":"https:\/\/shinetrailers.com\/no\/wp-json\/wp\/v2\/pages\/4739","targetHints":{"allow":["GET"]}}],"collection":[{"href":"https:\/\/shinetrailers.com\/no\/wp-json\/wp\/v2\/pages"}],"about":[{"href":"https:\/\/shinetrailers.com\/no\/wp-json\/wp\/v2\/types\/page"}],"author":[{"embeddable":true,"href":"https:\/\/shinetrailers.com\/no\/wp-json\/wp\/v2\/users\/1"}],"replies":[{"embeddable":true,"href":"https:\/\/shinetrailers.com\/no\/wp-json\/wp\/v2\/comments?post=4739"}],"version-history":[{"count":1,"href":"https:\/\/shinetrailers.com\/no\/wp-json\/wp\/v2\/pages\/4739\/revisions"}],"predecessor-version":[{"id":5094,"href":"https:\/\/shinetrailers.com\/no\/wp-json\/wp\/v2\/pages\/4739\/revisions\/5094"}],"wp:attachment":[{"href":"https:\/\/shinetrailers.com\/no\/wp-json\/wp\/v2\/media?parent=4739"}],"curies":[{"name":"wp","href":"https:\/\/api.w.org\/{rel}","templated":true}]}}