{"id":4755,"date":"2023-07-26T11:36:29","date_gmt":"2023-07-26T11:36:29","guid":{"rendered":"https:\/\/shinetrailers.com\/politica-de-confidentialitate\/"},"modified":"2023-08-17T12:21:21","modified_gmt":"2023-08-17T12:21:21","slug":"politica-de-confidentialitate","status":"publish","type":"page","link":"https:\/\/shinetrailers.com\/ro\/politica-de-confidentialitate\/","title":{"rendered":"Politica de confiden\u021bialitate"},"content":{"rendered":"<p><span><\/span><\/p>\n<p>1. Site-ul pe care v\u0103 afla\u021bi ob\u021bine informa\u021bii automat numai cu ajutorul cookie-urilor. <\/p>\n<p>2. Cookie-urile sunt fi\u0219iere mici, de obicei text, trimise de un server web \u0219i stocate pe partea Utilizatorului, de obicei pe hard disk-ul dispozitivului cu care Utilizatorul viziteaz\u0103 site-ul. Cookie-urile sunt folosite \u00een principal pentru a men\u021bine sesiunea, de exemplu prin crearea \u0219i trimiterea unui \u0219ir temporar de caractere dup\u0103 conectare. Cu toate acestea, ele pot fi folosite \u00eentr-un domeniu mai larg prin amintirea oric\u0103ror informa\u021bii, cu condi\u021bia s\u0103 fie posibil\u0103 salvarea lor \u00eentr-un \u0219ir de caractere. <\/p>\n<p>3. Entitatea care plaseaz\u0103 cookie-uri pe dispozitivul final al utilizatorului care viziteaz\u0103 site-ul web \u0219i care are acces la acestea este operatorul site-ului web: <strong>IRON TRADING COMPANY, Magnoliowa 11b 73-110 Stargard Polska<\/strong> <\/p>\n<p>4. Cookie-urile plasate pe site sunt utilizate pentru: <\/p>\n<p>a) aminti\u021bi-v\u0103 vizitele utilizatorului site-ului web \u0219i preferin\u021bele acestuia cu privire la site-ul web, de exemplu limba preferat\u0103 a site-ului web. Aceste fi\u0219iere permit, de asemenea, recunoa\u0219terea dispozitivului utilizat de Utilizatorul care viziteaz\u0103 Site-ul, ceea ce permite afi\u0219area corect\u0103 a acestuia. <\/p>\n<p>b) ob\u021binerea de statistici care s\u0103 permit\u0103 cunoa\u0219terea preferin\u021belor Utilizatorilor care viziteaz\u0103 Site-ul, acestea permit \u0219i evaluarea popularit\u0103\u021bii Site-ului. <\/p>\n<p>c) autentificarea utiliz\u00e2nd Site-ul \u0219i men\u021binerea sesiunii dup\u0103 conectare, datorit\u0103 utiliz\u0103rii acestora, Utilizatorul nu trebuie s\u0103 se conecteze pe fiecare subpagin\u0103 a Site-ului. <\/p>\n<p>5. Site-ul pe care v\u0103 afla\u021bi utilizeaz\u0103 dou\u0103 tipuri de cookie-uri, de sesiune \u0219i permanente. \u2013 fi\u0219ierele de sesiune sunt temporare, ele exist\u0103 p\u00e2n\u0103 c\u00e2nd Utilizatorul p\u0103r\u0103se\u0219te Site-ul prin \u00eenchiderea browserului, p\u0103r\u0103sind Website-ul sau deconectarea. \u2013 fi\u0219ierele permanente exist\u0103 p\u00e2n\u0103 c\u00e2nd sunt \u0219terse de c\u0103tre Utilizatorul Site-ului sau pe durata specificat\u0103 \u00een parametrii fi\u0219ierului cookie. <\/p>\n<p>6. \u00cen cele mai multe cazuri, software-ul folosit pentru a naviga pe site-uri web (browser web) permite ca cookie-urile s\u0103 fie salvate \u00een mod implicit pe dispozitivul Utilizatorului. Utilizatorul site-ului poate modifica oric\u00e2nd set\u0103rile browserului web astfel \u00eenc\u00e2t s\u0103 blocheze utilizarea cookie-urilor. O astfel de modificare poate fi efectuat\u0103 \u00een set\u0103rile software-ului utilizat pentru vizualizarea Site-ului (browser web). Informa\u021bii detaliate despre set\u0103rile browserului web sunt disponibile \u00een meniul acestuia din fila de ajutor sau pe site-ul web al produc\u0103torului browserului web cu care Utilizatorul navigheaz\u0103 pe Site. Modific\u0103rile aduse set\u0103rilor din browserul web al Utilizatorului pot afecta func\u021bionarea corect\u0103 a site-ului web afi\u0219at. <\/p>\n<p>7. Cookie-urile utilizate de Site (salvate pe dispozitivul utilizat de Utilizator \u00een timpul navig\u0103rii pe Site) pot fi puse la dispozi\u021bia partenerilor sau agen\u021bilor de publicitate.<\/p>\n","protected":false},"excerpt":{"rendered":"<p>1. Site-ul pe care v\u0103 afla\u021bi ob\u021bine informa\u021bii automat numai cu ajutorul cookie-urilor. 2. Cookie-urile sunt fi\u0219iere mici, de obicei text, trimise de un server web \u0219i stocate pe partea Utilizatorului, de obicei pe hard disk-ul dispozitivului cu care Utilizatorul viziteaz\u0103 site-ul. Cookie-urile sunt folosite \u00een principal pentru a men\u021bine sesiunea, de exemplu prin crearea &hellip; <a href=\"https:\/\/shinetrailers.com\/ro\/politica-de-confidentialitate\/\">Continued<\/a><\/p>\n","protected":false},"author":1,"featured_media":0,"parent":0,"menu_order":0,"comment_status":"closed","ping_status":"closed","template":"template-privacy-policy.blade.php","meta":{"footnotes":""},"class_list":["post-4755","page","type-page","status-publish","hentry"],"acf":[],"_links":{"self":[{"href":"https:\/\/shinetrailers.com\/ro\/wp-json\/wp\/v2\/pages\/4755","targetHints":{"allow":["GET"]}}],"collection":[{"href":"https:\/\/shinetrailers.com\/ro\/wp-json\/wp\/v2\/pages"}],"about":[{"href":"https:\/\/shinetrailers.com\/ro\/wp-json\/wp\/v2\/types\/page"}],"author":[{"embeddable":true,"href":"https:\/\/shinetrailers.com\/ro\/wp-json\/wp\/v2\/users\/1"}],"replies":[{"embeddable":true,"href":"https:\/\/shinetrailers.com\/ro\/wp-json\/wp\/v2\/comments?post=4755"}],"version-history":[{"count":2,"href":"https:\/\/shinetrailers.com\/ro\/wp-json\/wp\/v2\/pages\/4755\/revisions"}],"predecessor-version":[{"id":5091,"href":"https:\/\/shinetrailers.com\/ro\/wp-json\/wp\/v2\/pages\/4755\/revisions\/5091"}],"wp:attachment":[{"href":"https:\/\/shinetrailers.com\/ro\/wp-json\/wp\/v2\/media?parent=4755"}],"curies":[{"name":"wp","href":"https:\/\/api.w.org\/{rel}","templated":true}]}}