{"id":21757,"date":"2025-06-20T11:16:20","date_gmt":"2025-06-20T11:16:20","guid":{"rendered":"https:\/\/shinetrailers.com\/producent-przyczep-air-stream-historia-designu\/"},"modified":"2026-03-18T15:33:14","modified_gmt":"2026-03-18T15:33:14","slug":"moderna-interpretacia-klasickeho-dizajnu-privesov-airstream","status":"publish","type":"page","link":"https:\/\/shinetrailers.com\/sk\/moderna-interpretacia-klasickeho-dizajnu-privesov-airstream\/","title":{"rendered":"Modern\u00e1 interpret\u00e1cia dizajnu pr\u00edvesov Airstream | SHINE"},"content":{"rendered":"","protected":false},"excerpt":{"rendered":"","protected":false},"author":4,"featured_media":0,"parent":0,"menu_order":0,"comment_status":"closed","ping_status":"closed","template":"template-dlaczego-warto.blade.php","meta":{"footnotes":""},"class_list":["post-21757","page","type-page","status-publish","hentry"],"acf":[],"_links":{"self":[{"href":"https:\/\/shinetrailers.com\/sk\/wp-json\/wp\/v2\/pages\/21757","targetHints":{"allow":["GET"]}}],"collection":[{"href":"https:\/\/shinetrailers.com\/sk\/wp-json\/wp\/v2\/pages"}],"about":[{"href":"https:\/\/shinetrailers.com\/sk\/wp-json\/wp\/v2\/types\/page"}],"author":[{"embeddable":true,"href":"https:\/\/shinetrailers.com\/sk\/wp-json\/wp\/v2\/users\/4"}],"replies":[{"embeddable":true,"href":"https:\/\/shinetrailers.com\/sk\/wp-json\/wp\/v2\/comments?post=21757"}],"version-history":[{"count":5,"href":"https:\/\/shinetrailers.com\/sk\/wp-json\/wp\/v2\/pages\/21757\/revisions"}],"predecessor-version":[{"id":21882,"href":"https:\/\/shinetrailers.com\/sk\/wp-json\/wp\/v2\/pages\/21757\/revisions\/21882"}],"wp:attachment":[{"href":"https:\/\/shinetrailers.com\/sk\/wp-json\/wp\/v2\/media?parent=21757"}],"curies":[{"name":"wp","href":"https:\/\/api.w.org\/{rel}","templated":true}]}}