{"id":21908,"date":"2026-03-23T09:59:47","date_gmt":"2026-03-23T09:59:47","guid":{"rendered":"https:\/\/shinetrailers.com\/przyczepy-uslugowe-shine-mobilny-biznes-premium\/"},"modified":"2026-03-23T11:43:47","modified_gmt":"2026-03-23T11:43:47","slug":"servisne-privesy-shine-mobilny-biznis-premium","status":"publish","type":"page","link":"https:\/\/shinetrailers.com\/sk\/servisne-privesy-shine-mobilny-biznis-premium\/","title":{"rendered":"Exkluz\u00edvne servisn\u00e9 pr\u00edvesy SHINE | Mobiln\u00fd biznis Premium"},"content":{"rendered":"","protected":false},"excerpt":{"rendered":"","protected":false},"author":4,"featured_media":0,"parent":0,"menu_order":0,"comment_status":"closed","ping_status":"closed","template":"template-dlaczego-warto.blade.php","meta":{"footnotes":""},"class_list":["post-21908","page","type-page","status-publish","hentry"],"acf":[],"_links":{"self":[{"href":"https:\/\/shinetrailers.com\/sk\/wp-json\/wp\/v2\/pages\/21908","targetHints":{"allow":["GET"]}}],"collection":[{"href":"https:\/\/shinetrailers.com\/sk\/wp-json\/wp\/v2\/pages"}],"about":[{"href":"https:\/\/shinetrailers.com\/sk\/wp-json\/wp\/v2\/types\/page"}],"author":[{"embeddable":true,"href":"https:\/\/shinetrailers.com\/sk\/wp-json\/wp\/v2\/users\/4"}],"replies":[{"embeddable":true,"href":"https:\/\/shinetrailers.com\/sk\/wp-json\/wp\/v2\/comments?post=21908"}],"version-history":[{"count":4,"href":"https:\/\/shinetrailers.com\/sk\/wp-json\/wp\/v2\/pages\/21908\/revisions"}],"predecessor-version":[{"id":21944,"href":"https:\/\/shinetrailers.com\/sk\/wp-json\/wp\/v2\/pages\/21908\/revisions\/21944"}],"wp:attachment":[{"href":"https:\/\/shinetrailers.com\/sk\/wp-json\/wp\/v2\/media?parent=21908"}],"curies":[{"name":"wp","href":"https:\/\/api.w.org\/{rel}","templated":true}]}}