{"id":4787,"date":"2023-07-26T11:36:29","date_gmt":"2023-07-26T11:36:29","guid":{"rendered":"https:\/\/shinetrailers.com\/integritetspolicy\/"},"modified":"2023-08-17T12:23:55","modified_gmt":"2023-08-17T12:23:55","slug":"integritetspolicy","status":"publish","type":"page","link":"https:\/\/shinetrailers.com\/sv\/integritetspolicy\/","title":{"rendered":"integritetspolicy"},"content":{"rendered":"<p><span><\/span><\/p>\n<p>1. Webbplatsen du \u00e4r p\u00e5 f\u00e5r information automatiskt endast med anv\u00e4ndning av cookies. <\/p>\n<p>2. Cookies \u00e4r sm\u00e5 filer, vanligtvis text, skickade av en webbserver och lagrade p\u00e5 Anv\u00e4ndarens sida, vanligtvis p\u00e5 h\u00e5rddisken p\u00e5 den enhet som Anv\u00e4ndaren bes\u00f6ker webbplatsen med. Cookies anv\u00e4nds huvudsakligen f\u00f6r att underh\u00e5lla sessionen, t ex genom att skapa och skicka en tillf\u00e4llig teckenstr\u00e4ng efter inloggning. De kan dock anv\u00e4ndas i en st\u00f6rre omfattning genom att komma ih\u00e5g all information, f\u00f6rutsatt att det \u00e4r m\u00f6jligt att spara dem i en str\u00e4ng av tecken. <\/p>\n<p>3. Den enhet som placerar cookies p\u00e5 slutenheten f\u00f6r anv\u00e4ndaren som bes\u00f6ker webbplatsen och har tillg\u00e5ng till dem \u00e4r webbplatsoperat\u00f6ren: <strong>IRON TRADING COMPANY, Magnoliowa 11b 73-110 Stargard Polska<\/strong> <\/p>\n<p>4. Cookies som placeras p\u00e5 webbplatsen anv\u00e4nds f\u00f6r att: <\/p>\n<p>a) komma ih\u00e5g webbplatsen Anv\u00e4ndarens bes\u00f6k och hans preferenser ang\u00e5ende webbplatsen, t.ex. f\u00f6redraget spr\u00e5k p\u00e5 webbplatsen. Dessa filer g\u00f6r det ocks\u00e5 m\u00f6jligt att k\u00e4nna igen enheten som anv\u00e4nds av anv\u00e4ndaren som bes\u00f6ker webbplatsen, vilket m\u00f6jligg\u00f6r korrekt visning. <\/p>\n<p>b) att erh\u00e5lla statistik som g\u00f6r det m\u00f6jligt att k\u00e4nna till preferenser f\u00f6r anv\u00e4ndare som bes\u00f6ker webbplatsen, de till\u00e5ter ocks\u00e5 att bed\u00f6ma webbplatsens popularitet. <\/p>\n<p>c) logga in med hj\u00e4lp av webbplatsen och underh\u00e5lla sessionen efter att ha loggat in, tack vare deras anv\u00e4ndning beh\u00f6ver anv\u00e4ndaren inte logga in p\u00e5 varje undersida p\u00e5 webbplatsen. <\/p>\n<p>5. Webbplatsen du \u00e4r p\u00e5 anv\u00e4nder tv\u00e5 typer av cookies, session och permanent. \u2013 sessionsfiler \u00e4r tillf\u00e4lliga, de finns tills anv\u00e4ndaren l\u00e4mnar webbplatsen genom att st\u00e4nga webbl\u00e4saren, l\u00e4mna webbplatsen eller logga ut. \u2013 permanenta filer finns tills de raderas av webbplatsanv\u00e4ndaren eller under den tid som anges i cookiefilens parametrar. <\/p>\n<p>6. I de flesta fall till\u00e5ter programvaran som anv\u00e4nds f\u00f6r att surfa p\u00e5 webbplatser (webbl\u00e4sare) att cookies sparas p\u00e5 anv\u00e4ndarens enhet som standard. Webbplatsanv\u00e4ndaren kan n\u00e4r som helst \u00e4ndra inst\u00e4llningarna f\u00f6r webbl\u00e4saren p\u00e5 ett s\u00e5dant s\u00e4tt att anv\u00e4ndningen av cookies blockeras. En s\u00e5dan \u00e4ndring kan g\u00f6ras i inst\u00e4llningarna f\u00f6r programvaran som anv\u00e4nds f\u00f6r att visa webbplatsen (webbl\u00e4sare). Detaljerad information om webbl\u00e4sarens inst\u00e4llningar finns tillg\u00e4nglig i dess meny p\u00e5 hj\u00e4lpfliken eller p\u00e5 webbplatsen f\u00f6r tillverkaren av webbl\u00e4saren med vilken anv\u00e4ndaren surfar p\u00e5 webbplatsen. \u00c4ndringar som g\u00f6rs i inst\u00e4llningarna i Anv\u00e4ndarens webbl\u00e4sare kan p\u00e5verka hur den visade webbplatsen fungerar korrekt. <\/p>\n<p>7. Cookies som anv\u00e4nds av webbplatsen (sparade p\u00e5 enheten som anv\u00e4nds av anv\u00e4ndaren n\u00e4r du surfar p\u00e5 webbplatsen) kan g\u00f6ras tillg\u00e4ngliga f\u00f6r dess partners eller annons\u00f6rer.<\/p>\n","protected":false},"excerpt":{"rendered":"<p>1. Webbplatsen du \u00e4r p\u00e5 f\u00e5r information automatiskt endast med anv\u00e4ndning av cookies. 2. Cookies \u00e4r sm\u00e5 filer, vanligtvis text, skickade av en webbserver och lagrade p\u00e5 Anv\u00e4ndarens sida, vanligtvis p\u00e5 h\u00e5rddisken p\u00e5 den enhet som Anv\u00e4ndaren bes\u00f6ker webbplatsen med. Cookies anv\u00e4nds huvudsakligen f\u00f6r att underh\u00e5lla sessionen, t ex genom att skapa och skicka en &hellip; <a href=\"https:\/\/shinetrailers.com\/sv\/integritetspolicy\/\">Continued<\/a><\/p>\n","protected":false},"author":1,"featured_media":0,"parent":0,"menu_order":0,"comment_status":"closed","ping_status":"closed","template":"template-privacy-policy.blade.php","meta":{"footnotes":""},"class_list":["post-4787","page","type-page","status-publish","hentry"],"acf":[],"_links":{"self":[{"href":"https:\/\/shinetrailers.com\/sv\/wp-json\/wp\/v2\/pages\/4787","targetHints":{"allow":["GET"]}}],"collection":[{"href":"https:\/\/shinetrailers.com\/sv\/wp-json\/wp\/v2\/pages"}],"about":[{"href":"https:\/\/shinetrailers.com\/sv\/wp-json\/wp\/v2\/types\/page"}],"author":[{"embeddable":true,"href":"https:\/\/shinetrailers.com\/sv\/wp-json\/wp\/v2\/users\/1"}],"replies":[{"embeddable":true,"href":"https:\/\/shinetrailers.com\/sv\/wp-json\/wp\/v2\/comments?post=4787"}],"version-history":[{"count":1,"href":"https:\/\/shinetrailers.com\/sv\/wp-json\/wp\/v2\/pages\/4787\/revisions"}],"predecessor-version":[{"id":5092,"href":"https:\/\/shinetrailers.com\/sv\/wp-json\/wp\/v2\/pages\/4787\/revisions\/5092"}],"wp:attachment":[{"href":"https:\/\/shinetrailers.com\/sv\/wp-json\/wp\/v2\/media?parent=4787"}],"curies":[{"name":"wp","href":"https:\/\/api.w.org\/{rel}","templated":true}]}}