{"id":4792,"date":"2023-06-02T08:21:52","date_gmt":"2023-06-02T08:21:52","guid":{"rendered":"https:\/\/shinetrailers.com\/varfor-ar-det-vart-det\/"},"modified":"2023-12-22T14:14:54","modified_gmt":"2023-12-22T14:14:54","slug":"dlaczego-warto","status":"publish","type":"page","link":"https:\/\/shinetrailers.com\/sv\/dlaczego-warto\/","title":{"rendered":"Varf\u00f6r det \u00e4r v\u00e4rt"},"content":{"rendered":"","protected":false},"excerpt":{"rendered":"","protected":false},"author":1,"featured_media":0,"parent":0,"menu_order":0,"comment_status":"closed","ping_status":"closed","template":"template-dlaczego-warto.blade.php","meta":{"footnotes":""},"class_list":["post-4792","page","type-page","status-publish","hentry"],"acf":[],"_links":{"self":[{"href":"https:\/\/shinetrailers.com\/sv\/wp-json\/wp\/v2\/pages\/4792","targetHints":{"allow":["GET"]}}],"collection":[{"href":"https:\/\/shinetrailers.com\/sv\/wp-json\/wp\/v2\/pages"}],"about":[{"href":"https:\/\/shinetrailers.com\/sv\/wp-json\/wp\/v2\/types\/page"}],"author":[{"embeddable":true,"href":"https:\/\/shinetrailers.com\/sv\/wp-json\/wp\/v2\/users\/1"}],"replies":[{"embeddable":true,"href":"https:\/\/shinetrailers.com\/sv\/wp-json\/wp\/v2\/comments?post=4792"}],"version-history":[{"count":4,"href":"https:\/\/shinetrailers.com\/sv\/wp-json\/wp\/v2\/pages\/4792\/revisions"}],"predecessor-version":[{"id":9599,"href":"https:\/\/shinetrailers.com\/sv\/wp-json\/wp\/v2\/pages\/4792\/revisions\/9599"}],"wp:attachment":[{"href":"https:\/\/shinetrailers.com\/sv\/wp-json\/wp\/v2\/media?parent=4792"}],"curies":[{"name":"wp","href":"https:\/\/api.w.org\/{rel}","templated":true}]}}